{"id":880,"date":"2024-10-23T21:35:51","date_gmt":"2024-10-23T14:35:51","guid":{"rendered":"https:\/\/aikya.vn\/?page_id=880"},"modified":"2024-12-12T16:07:09","modified_gmt":"2024-12-12T09:07:09","slug":"mebiphar","status":"publish","type":"page","link":"https:\/\/aikya.vn\/vi\/mebiphar\/","title":{"rendered":"Mebiphar"},"content":{"rendered":"\n<section class=\"wp-block-group page__banner alignfull has-custom-akiya-red-background-color has-background has-global-padding is-layout-constrained wp-container-core-group-is-layout-3 wp-block-group-is-layout-constrained\" style=\"margin-top:0;margin-bottom:0;padding-top:var(--wp--preset--spacing--80);padding-right:0;padding-bottom:var(--wp--preset--spacing--80);padding-left:0;background-image:url(&#039;https:\/\/aikya.vn\/wp-content\/uploads\/2024\/10\/san-pham-banner-bg.jpg&#039;);background-position:50% 50%;background-size:cover;\">\n<div class=\"wp-block-group page__banner-content has-global-padding is-layout-constrained wp-container-core-group-is-layout-2 wp-block-group-is-layout-constrained\" style=\"padding-top:0;padding-right:var(--wp--preset--spacing--50);padding-bottom:0;padding-left:var(--wp--preset--spacing--50)\">\n<div class=\"wp-block-group is-content-justification-center is-layout-flex wp-container-core-group-is-layout-1 wp-block-group-is-layout-flex\">\n<h1 class=\"wp-block-heading animation__fade-up data-aos-animation has-white-color has-text-color has-link-color wp-elements-83298f773ce3266b5349655abd836ae6\" style=\"margin-top:0;font-size:4rem;font-style:normal;font-weight:700\">S\u1ea2N PH\u1ea8M<\/h1>\n\n\n\n<figure class=\"wp-block-image size-large is-resized\"><img decoding=\"async\" src=\"https:\/\/aikya.vn\/wp-content\/themes\/aikya-theme\/assets\/images\/san-pham-banner-img.png\" alt=\"\" style=\"width:750px\"\/><\/figure>\n<\/div>\n<\/div>\n<\/section>\n\n\n\n<div class=\"wp-block-group has-global-padding is-layout-constrained wp-block-group-is-layout-constrained\" style=\"padding-top:var(--wp--preset--spacing--50);padding-bottom:var(--wp--preset--spacing--80)\">\n<div class=\"wp-block-columns animation__fade-up data-aos-animation is-layout-flex wp-container-core-columns-is-layout-1 wp-block-columns-is-layout-flex\">\n<div class=\"wp-block-column is-layout-flow wp-block-column-is-layout-flow\"><\/div>\n\n\n\n<div class=\"wp-block-column is-layout-flow wp-block-column-is-layout-flow\" style=\"flex-basis:70%\">\n<p class=\"has-text-align-center data-aos-animation\">Danh m\u1ee5c s\u1ea3n ph\u1ea9m \u0111a d\u1ea1ng c\u1ee7a Aikya v\u1edbi h\u01a1n 400 s\u1ea3n ph\u1ea9m bao g\u1ed3m thu\u1ed1c \u0111i\u1ec1u tr\u1ecb, thi\u1ebft b\u1ecb y t\u1ebf, v\u00e0 th\u1ef1c ph\u1ea9m ch\u1ee9c n\u0103ng \u0111\u01b0\u1ee3c thi\u1ebft k\u1ebf \u0111\u1ec3 \u0111\u00e1p \u1ee9ng c\u00e1c nhu c\u1ea7u s\u1ee9c kh\u1ecfe kh\u00e1c nhau c\u1ee7a b\u1ec7nh nh\u00e2n.<\/p>\n\n\n\n<p class=\"has-text-align-center data-aos-animation\">M\u1ed7i s\u1ea3n ph\u1ea9m t\u1eeb Aikya tu\u00e2n th\u1ee7 nghi\u00eam ng\u1eb7t<strong> c\u00e1c ti\u00eau chu\u1ea9n qu\u1ed1c t\u1ebf v\u1ec1 ch\u1ea5t l\u01b0\u1ee3ng v\u00e0 an to\u00e0n, \u0111\u1ea3m b\u1ea3o cung c\u1ea5p c\u00e1c gi\u1ea3i ph\u00e1p y t\u1ebf hi\u1ec7u qu\u1ea3. <\/strong>V\u1edbi m\u1ed9t cam k\u1ebft m\u1ea1nh m\u1ebd v\u1ec1 \u0111\u1ed5i m\u1edbi v\u00e0 c\u1ea3i ti\u1ebfn, ch\u00fang t\u00f4i kh\u00f4ng ng\u1eebng n\u00e2ng cao ch\u1ea5t l\u01b0\u1ee3ng s\u1ea3n ph\u1ea9m \u0111\u1ec3 c\u1ea3i thi\u1ec7n s\u1ee9c kh\u1ecfe v\u00e0 cu\u1ed9c s\u1ed1ng c\u1ee7a b\u1ec7nh nh\u00e2n.<\/p>\n<\/div>\n\n\n\n<div class=\"wp-block-column is-layout-flow wp-block-column-is-layout-flow\"><\/div>\n<\/div>\n<\/div>\n\n\n\n<section class=\"wp-block-group page__nav alignfull style-2 has-global-padding is-layout-constrained wp-block-group-is-layout-constrained\" style=\"margin-top:0;margin-bottom:0;padding-top:0;padding-bottom:0\">\n<div class=\"wp-block-group has-global-padding is-layout-constrained wp-block-group-is-layout-constrained\"><nav class=\"items-justified-center wp-block-navigation is-content-justification-center is-layout-flex wp-container-core-navigation-is-layout-1 wp-block-navigation-is-layout-flex\" aria-label=\"Product VN\"><ul class=\"wp-block-navigation__container items-justified-center wp-block-navigation\"><li class=\" wp-block-navigation-item wp-block-navigation-link\"><a class=\"wp-block-navigation-item__content\"  href=\"https:\/\/aikya.vn\/vi\/tv-pharma\/\"><span class=\"wp-block-navigation-item__label\">TV.PHARM<\/span><\/a><\/li><li class=\" wp-block-navigation-item wp-block-navigation-link\"><a class=\"wp-block-navigation-item__content\"  href=\"https:\/\/aikya.vn\/vi\/mebiphar\/\"><span class=\"wp-block-navigation-item__label\">MEBIPHAR<\/span><\/a><\/li><li class=\" wp-block-navigation-item wp-block-navigation-link\"><a class=\"wp-block-navigation-item__content\"  href=\"https:\/\/aikya.vn\/vi\/s-pharm\/\"><span class=\"wp-block-navigation-item__label\">S.PHARM<\/span><\/a><\/li><\/ul><\/nav><\/div>\n<\/section>\n\n\n\n<section class=\"wp-block-group section__product has-global-padding is-layout-constrained wp-block-group-is-layout-constrained\">\n<div class=\"wp-block-columns is-layout-flex wp-container-core-columns-is-layout-2 wp-block-columns-is-layout-flex\" style=\"margin-bottom:var(--wp--preset--spacing--60)\">\n<div class=\"wp-block-column is-layout-flow wp-block-column-is-layout-flow\">\n<div class=\"wp-block-group has-global-padding is-layout-constrained wp-block-group-is-layout-constrained\">\n<figure class=\"wp-block-image alignfull size-full aos-fade-right data-aos-animation\"><img loading=\"lazy\" decoding=\"async\" width=\"976\" height=\"580\" src=\"http:\/\/aikya.vn\/wp-content\/uploads\/2024\/12\/mebiphar-01.png\" alt=\"\" class=\"wp-image-1728\" srcset=\"https:\/\/aikya.vn\/wp-content\/uploads\/2024\/12\/mebiphar-01.png 976w, https:\/\/aikya.vn\/wp-content\/uploads\/2024\/12\/mebiphar-01-300x178.png 300w, https:\/\/aikya.vn\/wp-content\/uploads\/2024\/12\/mebiphar-01-768x456.png 768w\" sizes=\"(max-width: 976px) 100vw, 976px\" \/><\/figure>\n\n\n\n<h3 class=\"wp-block-heading has-text-align-center data-aos-animation\"><a href=\"#\">GI\u1ea2M \u0110AU H\u1ea0 S\u1ed0T<\/a><\/h3>\n<\/div>\n<\/div>\n\n\n\n<div class=\"wp-block-column is-layout-flow wp-block-column-is-layout-flow\">\n<div class=\"wp-block-group has-global-padding is-layout-constrained wp-block-group-is-layout-constrained\">\n<figure class=\"wp-block-image alignfull size-full aos-fade-left data-aos-animation\"><img loading=\"lazy\" decoding=\"async\" width=\"976\" height=\"580\" src=\"http:\/\/aikya.vn\/wp-content\/uploads\/2024\/12\/mebiphar-02.png\" alt=\"\" class=\"wp-image-1730\" srcset=\"https:\/\/aikya.vn\/wp-content\/uploads\/2024\/12\/mebiphar-02.png 976w, https:\/\/aikya.vn\/wp-content\/uploads\/2024\/12\/mebiphar-02-300x178.png 300w, https:\/\/aikya.vn\/wp-content\/uploads\/2024\/12\/mebiphar-02-768x456.png 768w\" sizes=\"(max-width: 976px) 100vw, 976px\" \/><\/figure>\n\n\n\n<h3 class=\"wp-block-heading has-text-align-center data-aos-animation\"><a href=\"#\">TIM M\u1ea0CH &#8211; \u0110\u00c1I TH\u00c1O \u0110\u01af\u1edcNG<\/a><\/h3>\n<\/div>\n<\/div>\n<\/div>\n\n\n\n<div class=\"wp-block-columns is-layout-flex wp-container-core-columns-is-layout-3 wp-block-columns-is-layout-flex\" style=\"margin-bottom:var(--wp--preset--spacing--60)\">\n<div class=\"wp-block-column is-layout-flow wp-block-column-is-layout-flow\">\n<div class=\"wp-block-group has-global-padding is-layout-constrained wp-block-group-is-layout-constrained\">\n<figure class=\"wp-block-image alignfull size-full aos-fade-right data-aos-animation\"><img loading=\"lazy\" decoding=\"async\" width=\"976\" height=\"580\" src=\"http:\/\/aikya.vn\/wp-content\/uploads\/2024\/12\/mebiphar-03.png\" alt=\"\" class=\"wp-image-1732\" srcset=\"https:\/\/aikya.vn\/wp-content\/uploads\/2024\/12\/mebiphar-03.png 976w, https:\/\/aikya.vn\/wp-content\/uploads\/2024\/12\/mebiphar-03-300x178.png 300w, https:\/\/aikya.vn\/wp-content\/uploads\/2024\/12\/mebiphar-03-768x456.png 768w\" sizes=\"(max-width: 976px) 100vw, 976px\" \/><\/figure>\n\n\n\n<h3 class=\"wp-block-heading has-text-align-center data-aos-animation\"><a href=\"#\">H\u00d4 H\u1ea4P<\/a><\/h3>\n<\/div>\n<\/div>\n\n\n\n<div class=\"wp-block-column is-layout-flow wp-block-column-is-layout-flow\">\n<div class=\"wp-block-group has-global-padding is-layout-constrained wp-block-group-is-layout-constrained\">\n<figure class=\"wp-block-image alignfull size-full aos-fade-left data-aos-animation\"><img loading=\"lazy\" decoding=\"async\" width=\"976\" height=\"580\" src=\"http:\/\/aikya.vn\/wp-content\/uploads\/2024\/12\/mebiphar-04-1.png\" alt=\"\" class=\"wp-image-1743\" srcset=\"https:\/\/aikya.vn\/wp-content\/uploads\/2024\/12\/mebiphar-04-1.png 976w, https:\/\/aikya.vn\/wp-content\/uploads\/2024\/12\/mebiphar-04-1-300x178.png 300w, https:\/\/aikya.vn\/wp-content\/uploads\/2024\/12\/mebiphar-04-1-768x456.png 768w\" sizes=\"(max-width: 976px) 100vw, 976px\" \/><\/figure>\n\n\n\n<h3 class=\"wp-block-heading has-text-align-center data-aos-animation\"><a href=\"#\">TI\u00caU HO\u00c1<\/a><\/h3>\n<\/div>\n<\/div>\n<\/div>\n\n\n\n<div class=\"wp-block-columns is-layout-flex wp-container-core-columns-is-layout-4 wp-block-columns-is-layout-flex\" style=\"margin-bottom:var(--wp--preset--spacing--60)\">\n<div class=\"wp-block-column is-layout-flow wp-block-column-is-layout-flow\">\n<div class=\"wp-block-group has-global-padding is-layout-constrained wp-block-group-is-layout-constrained\">\n<figure class=\"wp-block-image alignfull size-full aos-fade-right data-aos-animation\"><img loading=\"lazy\" decoding=\"async\" width=\"976\" height=\"580\" src=\"http:\/\/aikya.vn\/wp-content\/uploads\/2024\/12\/mebiphar-05.png\" alt=\"\" class=\"wp-image-1734\" srcset=\"https:\/\/aikya.vn\/wp-content\/uploads\/2024\/12\/mebiphar-05.png 976w, https:\/\/aikya.vn\/wp-content\/uploads\/2024\/12\/mebiphar-05-300x178.png 300w, https:\/\/aikya.vn\/wp-content\/uploads\/2024\/12\/mebiphar-05-768x456.png 768w\" sizes=\"(max-width: 976px) 100vw, 976px\" \/><\/figure>\n\n\n\n<h3 class=\"wp-block-heading has-text-align-center data-aos-animation\"><a href=\"#\">TH\u1ea6N KINH &#8211; TU\u1ea6N HO\u00c0N N\u00c3O<\/a><\/h3>\n<\/div>\n<\/div>\n\n\n\n<div class=\"wp-block-column is-layout-flow wp-block-column-is-layout-flow\">\n<div class=\"wp-block-group has-global-padding is-layout-constrained wp-block-group-is-layout-constrained\">\n<figure class=\"wp-block-image alignfull size-full aos-fade-left data-aos-animation\"><img loading=\"lazy\" decoding=\"async\" width=\"976\" height=\"580\" src=\"http:\/\/aikya.vn\/wp-content\/uploads\/2024\/12\/mebiphar-06.png\" alt=\"\" class=\"wp-image-1736\" srcset=\"https:\/\/aikya.vn\/wp-content\/uploads\/2024\/12\/mebiphar-06.png 976w, https:\/\/aikya.vn\/wp-content\/uploads\/2024\/12\/mebiphar-06-300x178.png 300w, https:\/\/aikya.vn\/wp-content\/uploads\/2024\/12\/mebiphar-06-768x456.png 768w\" sizes=\"(max-width: 976px) 100vw, 976px\" \/><\/figure>\n\n\n\n<h3 class=\"wp-block-heading has-text-align-center data-aos-animation\"><a href=\"#\">KH\u00c1NG SINH<\/a><\/h3>\n<\/div>\n<\/div>\n<\/div>\n\n\n\n<div class=\"wp-block-columns is-layout-flex wp-container-core-columns-is-layout-5 wp-block-columns-is-layout-flex\" style=\"margin-bottom:var(--wp--preset--spacing--60)\">\n<div class=\"wp-block-column is-layout-flow wp-block-column-is-layout-flow\">\n<div class=\"wp-block-group has-global-padding is-layout-constrained wp-block-group-is-layout-constrained\">\n<figure class=\"wp-block-image alignfull size-full aos-fade-right data-aos-animation\"><img loading=\"lazy\" decoding=\"async\" width=\"976\" height=\"580\" src=\"http:\/\/aikya.vn\/wp-content\/uploads\/2024\/12\/mebiphar-07.png\" alt=\"\" class=\"wp-image-1738\" srcset=\"https:\/\/aikya.vn\/wp-content\/uploads\/2024\/12\/mebiphar-07.png 976w, https:\/\/aikya.vn\/wp-content\/uploads\/2024\/12\/mebiphar-07-300x178.png 300w, https:\/\/aikya.vn\/wp-content\/uploads\/2024\/12\/mebiphar-07-768x456.png 768w\" sizes=\"(max-width: 976px) 100vw, 976px\" \/><\/figure>\n\n\n\n<h3 class=\"wp-block-heading has-text-align-center data-aos-animation\"><a href=\"#\">VITAMIN &#8211; KHO\u00c1NG CH\u1ea4T<\/a><\/h3>\n<\/div>\n<\/div>\n\n\n\n<div class=\"wp-block-column is-layout-flow wp-block-column-is-layout-flow\">\n<div class=\"wp-block-group has-global-padding is-layout-constrained wp-block-group-is-layout-constrained\">\n<h3 class=\"wp-block-heading has-text-align-center data-aos-animation\"><\/h3>\n<\/div>\n<\/div>\n<\/div>\n<\/section>\n","protected":false},"excerpt":{"rendered":"<p>S\u1ea2N PH\u1ea8M Danh m\u1ee5c s\u1ea3n ph\u1ea9m \u0111a d\u1ea1ng c\u1ee7a Aikya v\u1edbi h\u01a1n 400 s\u1ea3n ph\u1ea9m bao g\u1ed3m thu\u1ed1c \u0111i\u1ec1u tr\u1ecb, thi\u1ebft b\u1ecb y t\u1ebf, v\u00e0 th\u1ef1c ph\u1ea9m ch\u1ee9c n\u0103ng \u0111\u01b0\u1ee3c thi\u1ebft k\u1ebf \u0111\u1ec3 \u0111\u00e1p \u1ee9ng c\u00e1c nhu c\u1ea7u s\u1ee9c kh\u1ecfe kh\u00e1c nhau c\u1ee7a b\u1ec7nh nh\u00e2n. M\u1ed7i s\u1ea3n ph\u1ea9m t\u1eeb Aikya tu\u00e2n th\u1ee7 nghi\u00eam ng\u1eb7t c\u00e1c [&hellip;]<\/p>\n","protected":false},"author":2,"featured_media":0,"parent":0,"menu_order":0,"comment_status":"closed","ping_status":"closed","template":"","meta":{"inline_featured_image":false,"footnotes":""},"class_list":["post-880","page","type-page","status-publish","hentry"],"yoast_head":"<!-- This site is optimized with the Yoast SEO plugin v23.7 - https:\/\/yoast.com\/wordpress\/plugins\/seo\/ -->\n<title>Mebiphar - Energy of Harmony<\/title>\n<meta name=\"robots\" content=\"index, follow, max-snippet:-1, max-image-preview:large, max-video-preview:-1\" \/>\n<link rel=\"canonical\" href=\"https:\/\/aikya.vn\/vi\/mebiphar\/\" \/>\n<meta property=\"og:locale\" content=\"vi_VN\" \/>\n<meta property=\"og:type\" content=\"article\" \/>\n<meta property=\"og:title\" content=\"Mebiphar - Energy of Harmony\" \/>\n<meta property=\"og:description\" content=\"S\u1ea2N PH\u1ea8M Danh m\u1ee5c s\u1ea3n ph\u1ea9m \u0111a d\u1ea1ng c\u1ee7a Aikya v\u1edbi h\u01a1n 400 s\u1ea3n ph\u1ea9m bao g\u1ed3m thu\u1ed1c \u0111i\u1ec1u tr\u1ecb, thi\u1ebft b\u1ecb y t\u1ebf, v\u00e0 th\u1ef1c ph\u1ea9m ch\u1ee9c n\u0103ng \u0111\u01b0\u1ee3c thi\u1ebft k\u1ebf \u0111\u1ec3 \u0111\u00e1p \u1ee9ng c\u00e1c nhu c\u1ea7u s\u1ee9c kh\u1ecfe kh\u00e1c nhau c\u1ee7a b\u1ec7nh nh\u00e2n. M\u1ed7i s\u1ea3n ph\u1ea9m t\u1eeb Aikya tu\u00e2n th\u1ee7 nghi\u00eam ng\u1eb7t c\u00e1c [&hellip;]\" \/>\n<meta property=\"og:url\" content=\"https:\/\/aikya.vn\/vi\/mebiphar\/\" \/>\n<meta property=\"og:site_name\" content=\"Energy of Harmony\" \/>\n<meta property=\"article:modified_time\" content=\"2024-12-12T09:07:09+00:00\" \/>\n<meta property=\"og:image\" content=\"https:\/\/aikya.vn\/wp-content\/themes\/aikya-theme\/assets\/images\/san-pham-banner-img.png\" \/>\n<meta name=\"twitter:card\" content=\"summary_large_image\" \/>\n<meta name=\"twitter:label1\" content=\"Est. reading time\" \/>\n\t<meta name=\"twitter:data1\" content=\"5 minutes\" \/>\n<script type=\"application\/ld+json\" class=\"yoast-schema-graph\">{\"@context\":\"https:\/\/schema.org\",\"@graph\":[{\"@type\":\"WebPage\",\"@id\":\"https:\/\/aikya.vn\/vi\/mebiphar\/\",\"url\":\"https:\/\/aikya.vn\/vi\/mebiphar\/\",\"name\":\"Mebiphar - Energy of Harmony\",\"isPartOf\":{\"@id\":\"https:\/\/aikya.vn\/vi\/#website\"},\"primaryImageOfPage\":{\"@id\":\"https:\/\/aikya.vn\/vi\/mebiphar\/#primaryimage\"},\"image\":{\"@id\":\"https:\/\/aikya.vn\/vi\/mebiphar\/#primaryimage\"},\"thumbnailUrl\":\"https:\/\/aikya.vn\/wp-content\/themes\/aikya-theme\/assets\/images\/san-pham-banner-img.png\",\"datePublished\":\"2024-10-23T14:35:51+00:00\",\"dateModified\":\"2024-12-12T09:07:09+00:00\",\"breadcrumb\":{\"@id\":\"https:\/\/aikya.vn\/vi\/mebiphar\/#breadcrumb\"},\"inLanguage\":\"vi-VN\",\"potentialAction\":[{\"@type\":\"ReadAction\",\"target\":[\"https:\/\/aikya.vn\/vi\/mebiphar\/\"]}]},{\"@type\":\"ImageObject\",\"inLanguage\":\"vi-VN\",\"@id\":\"https:\/\/aikya.vn\/vi\/mebiphar\/#primaryimage\",\"url\":\"https:\/\/aikya.vn\/wp-content\/themes\/aikya-theme\/assets\/images\/san-pham-banner-img.png\",\"contentUrl\":\"https:\/\/aikya.vn\/wp-content\/themes\/aikya-theme\/assets\/images\/san-pham-banner-img.png\"},{\"@type\":\"BreadcrumbList\",\"@id\":\"https:\/\/aikya.vn\/vi\/mebiphar\/#breadcrumb\",\"itemListElement\":[{\"@type\":\"ListItem\",\"position\":1,\"name\":\"Home\",\"item\":\"http:\/\/www.aikya.vn\/vi\/\"},{\"@type\":\"ListItem\",\"position\":2,\"name\":\"Mebiphar\"}]},{\"@type\":\"WebSite\",\"@id\":\"https:\/\/aikya.vn\/vi\/#website\",\"url\":\"https:\/\/aikya.vn\/vi\/\",\"name\":\"Aikya - Energy of Harmony\",\"description\":\"\",\"publisher\":{\"@id\":\"https:\/\/aikya.vn\/vi\/#organization\"},\"potentialAction\":[{\"@type\":\"SearchAction\",\"target\":{\"@type\":\"EntryPoint\",\"urlTemplate\":\"https:\/\/aikya.vn\/vi\/?s={search_term_string}\"},\"query-input\":{\"@type\":\"PropertyValueSpecification\",\"valueRequired\":true,\"valueName\":\"search_term_string\"}}],\"inLanguage\":\"vi-VN\"},{\"@type\":\"Organization\",\"@id\":\"https:\/\/aikya.vn\/vi\/#organization\",\"name\":\"Aikya - Energy of Harmony\",\"url\":\"https:\/\/aikya.vn\/vi\/\",\"logo\":{\"@type\":\"ImageObject\",\"inLanguage\":\"vi-VN\",\"@id\":\"https:\/\/aikya.vn\/vi\/#\/schema\/logo\/image\/\",\"url\":\"https:\/\/aikya.vn\/wp-content\/uploads\/2024\/10\/aikya-thumbnail.png\",\"contentUrl\":\"https:\/\/aikya.vn\/wp-content\/uploads\/2024\/10\/aikya-thumbnail.png\",\"width\":1200,\"height\":628,\"caption\":\"Aikya - Energy of Harmony\"},\"image\":{\"@id\":\"https:\/\/aikya.vn\/vi\/#\/schema\/logo\/image\/\"}}]}<\/script>\n<!-- \/ Yoast SEO plugin. -->","yoast_head_json":{"title":"Mebiphar - Energy of Harmony","robots":{"index":"index","follow":"follow","max-snippet":"max-snippet:-1","max-image-preview":"max-image-preview:large","max-video-preview":"max-video-preview:-1"},"canonical":"https:\/\/aikya.vn\/vi\/mebiphar\/","og_locale":"vi_VN","og_type":"article","og_title":"Mebiphar - Energy of Harmony","og_description":"S\u1ea2N PH\u1ea8M Danh m\u1ee5c s\u1ea3n ph\u1ea9m \u0111a d\u1ea1ng c\u1ee7a Aikya v\u1edbi h\u01a1n 400 s\u1ea3n ph\u1ea9m bao g\u1ed3m thu\u1ed1c \u0111i\u1ec1u tr\u1ecb, thi\u1ebft b\u1ecb y t\u1ebf, v\u00e0 th\u1ef1c ph\u1ea9m ch\u1ee9c n\u0103ng \u0111\u01b0\u1ee3c thi\u1ebft k\u1ebf \u0111\u1ec3 \u0111\u00e1p \u1ee9ng c\u00e1c nhu c\u1ea7u s\u1ee9c kh\u1ecfe kh\u00e1c nhau c\u1ee7a b\u1ec7nh nh\u00e2n. M\u1ed7i s\u1ea3n ph\u1ea9m t\u1eeb Aikya tu\u00e2n th\u1ee7 nghi\u00eam ng\u1eb7t c\u00e1c [&hellip;]","og_url":"https:\/\/aikya.vn\/vi\/mebiphar\/","og_site_name":"Energy of Harmony","article_modified_time":"2024-12-12T09:07:09+00:00","og_image":[{"url":"https:\/\/aikya.vn\/wp-content\/themes\/aikya-theme\/assets\/images\/san-pham-banner-img.png"}],"twitter_card":"summary_large_image","twitter_misc":{"Est. reading time":"5 minutes"},"schema":{"@context":"https:\/\/schema.org","@graph":[{"@type":"WebPage","@id":"https:\/\/aikya.vn\/vi\/mebiphar\/","url":"https:\/\/aikya.vn\/vi\/mebiphar\/","name":"Mebiphar - Energy of Harmony","isPartOf":{"@id":"https:\/\/aikya.vn\/vi\/#website"},"primaryImageOfPage":{"@id":"https:\/\/aikya.vn\/vi\/mebiphar\/#primaryimage"},"image":{"@id":"https:\/\/aikya.vn\/vi\/mebiphar\/#primaryimage"},"thumbnailUrl":"https:\/\/aikya.vn\/wp-content\/themes\/aikya-theme\/assets\/images\/san-pham-banner-img.png","datePublished":"2024-10-23T14:35:51+00:00","dateModified":"2024-12-12T09:07:09+00:00","breadcrumb":{"@id":"https:\/\/aikya.vn\/vi\/mebiphar\/#breadcrumb"},"inLanguage":"vi-VN","potentialAction":[{"@type":"ReadAction","target":["https:\/\/aikya.vn\/vi\/mebiphar\/"]}]},{"@type":"ImageObject","inLanguage":"vi-VN","@id":"https:\/\/aikya.vn\/vi\/mebiphar\/#primaryimage","url":"https:\/\/aikya.vn\/wp-content\/themes\/aikya-theme\/assets\/images\/san-pham-banner-img.png","contentUrl":"https:\/\/aikya.vn\/wp-content\/themes\/aikya-theme\/assets\/images\/san-pham-banner-img.png"},{"@type":"BreadcrumbList","@id":"https:\/\/aikya.vn\/vi\/mebiphar\/#breadcrumb","itemListElement":[{"@type":"ListItem","position":1,"name":"Home","item":"http:\/\/www.aikya.vn\/vi\/"},{"@type":"ListItem","position":2,"name":"Mebiphar"}]},{"@type":"WebSite","@id":"https:\/\/aikya.vn\/vi\/#website","url":"https:\/\/aikya.vn\/vi\/","name":"Aikya - Energy of Harmony","description":"","publisher":{"@id":"https:\/\/aikya.vn\/vi\/#organization"},"potentialAction":[{"@type":"SearchAction","target":{"@type":"EntryPoint","urlTemplate":"https:\/\/aikya.vn\/vi\/?s={search_term_string}"},"query-input":{"@type":"PropertyValueSpecification","valueRequired":true,"valueName":"search_term_string"}}],"inLanguage":"vi-VN"},{"@type":"Organization","@id":"https:\/\/aikya.vn\/vi\/#organization","name":"Aikya - Energy of Harmony","url":"https:\/\/aikya.vn\/vi\/","logo":{"@type":"ImageObject","inLanguage":"vi-VN","@id":"https:\/\/aikya.vn\/vi\/#\/schema\/logo\/image\/","url":"https:\/\/aikya.vn\/wp-content\/uploads\/2024\/10\/aikya-thumbnail.png","contentUrl":"https:\/\/aikya.vn\/wp-content\/uploads\/2024\/10\/aikya-thumbnail.png","width":1200,"height":628,"caption":"Aikya - Energy of Harmony"},"image":{"@id":"https:\/\/aikya.vn\/vi\/#\/schema\/logo\/image\/"}}]}},"_links":{"self":[{"href":"https:\/\/aikya.vn\/vi\/wp-json\/wp\/v2\/pages\/880"}],"collection":[{"href":"https:\/\/aikya.vn\/vi\/wp-json\/wp\/v2\/pages"}],"about":[{"href":"https:\/\/aikya.vn\/vi\/wp-json\/wp\/v2\/types\/page"}],"author":[{"embeddable":true,"href":"https:\/\/aikya.vn\/vi\/wp-json\/wp\/v2\/users\/2"}],"replies":[{"embeddable":true,"href":"https:\/\/aikya.vn\/vi\/wp-json\/wp\/v2\/comments?post=880"}],"version-history":[{"count":10,"href":"https:\/\/aikya.vn\/vi\/wp-json\/wp\/v2\/pages\/880\/revisions"}],"predecessor-version":[{"id":1785,"href":"https:\/\/aikya.vn\/vi\/wp-json\/wp\/v2\/pages\/880\/revisions\/1785"}],"wp:attachment":[{"href":"https:\/\/aikya.vn\/vi\/wp-json\/wp\/v2\/media?parent=880"}],"curies":[{"name":"wp","href":"https:\/\/api.w.org\/{rel}","templated":true}]}}