{"id":854,"date":"2024-10-23T21:24:30","date_gmt":"2024-10-23T14:24:30","guid":{"rendered":"https:\/\/aikya.vn\/?page_id=854"},"modified":"2025-01-23T03:27:49","modified_gmt":"2025-01-22T20:27:49","slug":"nghien-cuu-phat-trien","status":"publish","type":"page","link":"https:\/\/aikya.vn\/vi\/nghien-cuu-phat-trien\/","title":{"rendered":"Nghi\u00ean c\u1ee9u &amp; ph\u00e1t tri\u1ec3n"},"content":{"rendered":"\n<section class=\"wp-block-group page__banner alignfull has-custom-akiya-red-background-color has-background has-global-padding is-layout-constrained wp-container-core-group-is-layout-2 wp-block-group-is-layout-constrained\" style=\"margin-top:0;margin-bottom:0;padding-top:0;padding-right:0;padding-bottom:0;padding-left:0\">\n<figure class=\"wp-block-image size-full banner-image height-100-percent image-right style-2\"><img decoding=\"async\" src=\"https:\/\/aikya.vn\/wp-content\/themes\/aikya-theme\/assets\/images\/giai-phap-banner.jpg\" alt=\"\" class=\"wp-image-582\"\/><\/figure>\n\n\n\n<div class=\"wp-block-group page__banner-content has-global-padding is-layout-constrained wp-container-core-group-is-layout-1 wp-block-group-is-layout-constrained\" style=\"padding-top:0;padding-right:var(--wp--preset--spacing--50);padding-bottom:0;padding-left:var(--wp--preset--spacing--50)\">\n<div class=\"wp-block-columns is-layout-flex wp-container-core-columns-is-layout-1 wp-block-columns-is-layout-flex\" style=\"margin-top:0;margin-bottom:0;padding-top:0;padding-right:0;padding-bottom:0;padding-left:0\">\n<div class=\"wp-block-column has-white-color has-text-color has-link-color wp-elements-f56874a65fc9a5767c4dcebb334770ce is-layout-flow wp-block-column-is-layout-flow\" style=\"padding-top:var(--wp--preset--spacing--70);padding-right:0;padding-bottom:var(--wp--preset--spacing--70);padding-left:0;flex-basis:50%\">\n<h2 class=\"wp-block-heading animation__fade-up data-aos-animation\" style=\"font-size:3rem;font-style:normal;font-weight:600\">TI\u00caN PHONG V\u1ec0<\/h2>\n\n\n\n<h1 class=\"wp-block-heading animation__fade-up data-aos-animation\" style=\"margin-top:0;font-size:4rem;font-style:normal;font-weight:700\">GI\u1ea2I PH\u00c1P TO\u00c0N DI\u1ec6N<\/h1>\n\n\n\n<h2 class=\"wp-block-heading animation__fade-up data-aos-animation\" style=\"margin-top:0;margin-bottom:0;font-size:3rem;font-style:normal;font-weight:600\">CHO NG\u00c0NH D\u01af\u1ee2C<\/h2>\n<\/div>\n\n\n\n<div class=\"wp-block-column is-layout-flow wp-block-column-is-layout-flow\" style=\"flex-basis:50%\"><\/div>\n<\/div>\n<\/div>\n<\/section>\n\n\n\n<section class=\"wp-block-group page__nav alignfull has-global-padding is-layout-constrained wp-block-group-is-layout-constrained\" style=\"border-bottom-color:var(--wp--preset--color--black);border-bottom-width:1px;margin-top:0;margin-bottom:0;padding-top:0;padding-bottom:0\">\n<div class=\"wp-block-group has-global-padding is-layout-constrained wp-block-group-is-layout-constrained\"><nav class=\"items-justified-center wp-block-navigation is-content-justification-center is-layout-flex wp-container-core-navigation-is-layout-1 wp-block-navigation-is-layout-flex\" aria-label=\"Solutions VN\"><ul class=\"wp-block-navigation__container items-justified-center wp-block-navigation\"><li class=\" wp-block-navigation-item wp-block-navigation-link\"><a class=\"wp-block-navigation-item__content\"  href=\"https:\/\/aikya.vn\/vi\/san-xuat\/\"><span class=\"wp-block-navigation-item__label\">S\u1ea2N XU\u1ea4T<\/span><\/a><\/li><li class=\" wp-block-navigation-item wp-block-navigation-link\"><a class=\"wp-block-navigation-item__content\"  href=\"https:\/\/aikya.vn\/vi\/nghien-cuu-phat-trien\/\"><span class=\"wp-block-navigation-item__label\">NGHI\u00caN C\u1ee8U &amp; PH\u00c1T TRI\u1ec2N<\/span><\/a><\/li><li class=\" wp-block-navigation-item wp-block-navigation-link\"><a class=\"wp-block-navigation-item__content\"  href=\"https:\/\/aikya.vn\/vi\/kinh-doanh-phan-phoi\/\"><span class=\"wp-block-navigation-item__label\">KINH DOANH &amp; PH\u00c2N PH\u1ed0I<\/span><\/a><\/li><\/ul><\/nav><\/div>\n<\/section>\n\n\n\n<section class=\"wp-block-group section__tamnhin alignfull has-global-padding is-layout-constrained wp-container-core-group-is-layout-7 wp-block-group-is-layout-constrained has-background\" style=\"margin-top:0;margin-bottom:0;padding-right:var(--wp--preset--spacing--30);padding-left:var(--wp--preset--spacing--30);background-image:url(&#039;http:\/\/aikya.vn\/wp-content\/uploads\/2024\/10\/nghien-cuu-image.png&#039;);background-position:100% 50%;background-size:cover;\">\n<div class=\"wp-block-group animation__fade-up data-aos-animation has-global-padding is-layout-constrained wp-container-core-group-is-layout-6 wp-block-group-is-layout-constrained\" style=\"padding-right:var(--wp--preset--spacing--30);padding-left:var(--wp--preset--spacing--30)\">\n<div class=\"wp-block-columns is-layout-flex wp-container-core-columns-is-layout-2 wp-block-columns-is-layout-flex\" style=\"padding-top:var(--wp--preset--spacing--80);padding-bottom:var(--wp--preset--spacing--80)\">\n<div class=\"wp-block-column data-aos-animation is-layout-flow wp-block-column-is-layout-flow\">\n<div class=\"wp-block-group is-nowrap is-layout-flex wp-container-core-group-is-layout-5 wp-block-group-is-layout-flex\" style=\"margin-top:0;margin-bottom:0\">\n<p style=\"padding-top:var(--wp--preset--spacing--60);padding-bottom:var(--wp--preset--spacing--60)\"><\/p>\n<\/div>\n\n\n\n<p class=\"has-custom-akiya-red-1-color has-text-color has-link-color wp-elements-bf94eba5acb20de4d08f5ea5980b5011\" style=\"padding-top:0;padding-bottom:0;font-size:1.6rem;font-style:normal;font-weight:500\">ALPHA LAB<\/p>\n\n\n\n<h2 class=\"wp-block-heading has-custom-akiya-red-1-color has-text-color has-link-color wp-elements-31faecfbe24763933086a20faf45e650\" style=\"margin-top:var(--wp--preset--spacing--20);margin-bottom:var(--wp--preset--spacing--20);font-size:3rem\">TI\u00caN PHONG TRONG<br>NGHI\u00caN C\u1ee8U V\u00c0 PH\u00c1T TRI\u1ec2N<br>S\u1ea2N PH\u1ea8M D\u01af\u1ee2C<\/h2>\n\n\n\n<p class=\"has-custom-akiya-dark-color has-text-color has-link-color wp-elements-36c958c8996c77f7b9df7d88f44f0818\" style=\"padding-top:var(--wp--preset--spacing--60);padding-bottom:var(--wp--preset--spacing--60)\"><\/p>\n<\/div>\n<\/div>\n<\/div>\n<\/section>\n\n\n\n<section class=\"wp-block-group alignfull bgsize_auto has-global-padding is-layout-constrained wp-block-group-is-layout-constrained\" style=\"margin-bottom:var(--wp--preset--spacing--80)\">\n<section class=\"wp-block-group section__content_66percent has-global-padding is-layout-constrained wp-container-core-group-is-layout-8 wp-block-group-is-layout-constrained\" style=\"padding-top:var(--wp--preset--spacing--50);padding-right:var(--wp--preset--spacing--30);padding-bottom:var(--wp--preset--spacing--50);padding-left:var(--wp--preset--spacing--30)\">\n<p class=\"has-text-align-center data-aos-animation has-custom-akiya-dark-color has-text-color has-link-color wp-elements-97d7577f7b97fde2c5cd9a7672063550\">T\u1ea1i Alpha Lab, ch\u00fang t\u00f4i \u0111\u1eb7t tr\u1ecdng t\u00e2m v\u00e0o vi\u1ec7c nghi\u00ean c\u1ee9u v\u00e0 ph\u00e1t tri\u1ec3n s\u1ea3n ph\u1ea9m d\u01b0\u1ee3c \u0111\u1ec3 \u0111\u1ea3m b\u1ea3o r\u1eb1ng ch\u00fang t\u00f4i kh\u00f4ng ch\u1ec9 \u0111\u00e1p \u1ee9ng m\u00e0 c\u00f2n v\u01b0\u1ee3t tr\u1ed9i h\u01a1n c\u00e1c ti\u00eau chu\u1ea9n y t\u1ebf hi\u1ec7n h\u00e0nh. B\u1ed9 ph\u1eadn Alpha Lab c\u1ee7a ch\u00fang t\u00f4i l\u00e0 n\u01a1i h\u1ed9i t\u1ee5 c\u1ee7a nh\u1eefng chuy\u00ean gia h\u00e0ng \u0111\u1ea7u, nh\u1eefng nh\u00e0 khoa h\u1ecdc d\u00e0y d\u1ea1n kinh nghi\u1ec7m v\u00e0 nh\u1eefng nh\u00e0 nghi\u00ean c\u1ee9u s\u00e1ng t\u1ea1o, \u0111\u1ec1u kh\u00f4ng ng\u1eebng t\u00ecm t\u00f2i v\u00e0 ph\u00e1t tri\u1ec3n c\u00e1c gi\u1ea3i ph\u00e1p y t\u1ebf \u0111\u1ed9t ph\u00e1.<\/p>\n\n\n\n<p class=\"has-text-align-center data-aos-animation has-custom-akiya-dark-color has-text-color has-link-color wp-elements-59f4e21aea787ea1273759c388292cdb\" style=\"margin-top:var(--wp--preset--spacing--20);margin-bottom:var(--wp--preset--spacing--50)\"><br>Ch\u00fang t\u00f4i t\u1eadp trung v\u00e0o vi\u1ec7c ph\u00e1t tri\u1ec3n c\u00e1c s\u1ea3n ph\u1ea9m m\u1edbi v\u00e0 c\u1ea3i ti\u1ebfn c\u00e1c s\u1ea3n ph\u1ea9m hi\u1ec7n c\u00f3 th\u00f4ng qua \u1ee9ng d\u1ee5ng c\u00f4ng ngh\u1ec7 ti\u00ean ti\u1ebfn nh\u1ea5t v\u00e0 h\u1ee3p t\u00e1c v\u1edbi c\u00e1c t\u1ed5 ch\u1ee9c nghi\u00ean c\u1ee9u to\u00e0n c\u1ea7u. \u0110i\u1ec1u n\u00e0y kh\u00f4ng ch\u1ec9 gi\u00fap ch\u00fang t\u00f4i m\u1edf r\u1ed9ng danh m\u1ee5c s\u1ea3n ph\u1ea9m m\u00e0 c\u00f2n c\u1ee7ng c\u1ed1 kh\u1ea3 n\u0103ng c\u1ea1nh tranh tr\u00ean th\u1ecb tr\u01b0\u1eddng qu\u1ed1c t\u1ebf.<\/p>\n<\/section>\n\n\n\n<div class=\"wp-block-columns image-left-out-of-the-box is-layout-flex wp-container-core-columns-is-layout-3 wp-block-columns-is-layout-flex\" style=\"padding-top:0;padding-right:var(--wp--preset--spacing--30);padding-bottom:0;padding-left:var(--wp--preset--spacing--30)\">\n<div class=\"wp-block-column position-relative is-layout-flow wp-block-column-is-layout-flow\" style=\"flex-basis:55%\">\n<figure class=\"wp-block-image aligncenter size-large  is_mobile image-fullwidth data-aos-animation aos-fade-right\"><img decoding=\"async\" src=\"https:\/\/aikya.vn\/wp-content\/themes\/aikya-theme\/assets\/images\/nghien-cuu-img-2-mb.png\" alt=\"\" style=\"object-fit:cover\"\/><\/figure>\n\n\n\n<figure class=\"wp-block-image aligncenter size-large is_desktop aboslute-img-left image-fullwidth data-aos-animation aos-fade-right\"><img decoding=\"async\" src=\"https:\/\/aikya.vn\/wp-content\/themes\/aikya-theme\/assets\/images\/nghien-cuu-img-2.png\" alt=\"\" style=\"object-fit:cover\"\/><\/figure>\n<\/div>\n\n\n\n<div class=\"wp-block-column is-layout-flow wp-block-column-is-layout-flow\" style=\"flex-basis:45%\">\n<p class=\"data-aos-animation has-custom-akiya-dark-color has-text-color has-link-color wp-elements-5b8f20044b0abb225fc9d152c84b45e5\" style=\"margin-bottom:var(--wp--preset--spacing--20);padding-top:0;padding-bottom:0\">M\u1ed9t trong nh\u1eefng m\u1ee5c ti\u00eau ch\u00ednh c\u1ee7a Alpha Lab l\u00e0 ph\u00e1t tri\u1ec3n c\u00e1c s\u1ea3n ph\u1ea9m d\u01b0\u1ee3c ph\u1ea9m c\u00f3 \u0111\u1ed9 an to\u00e0n v\u00e0 hi\u1ec7u qu\u1ea3 cao, \u0111\u1eb7c bi\u1ec7t l\u00e0 trong c\u00e1c l\u0129nh v\u1ef1c m\u00e0 nhu c\u1ea7u ch\u01b0a \u0111\u01b0\u1ee3c \u0111\u00e1p \u1ee9ng \u0111\u1ea7y \u0111\u1ee7. Ch\u00fang t\u00f4i nghi\u00ean c\u1ee9u v\u00e0 ph\u00e1t tri\u1ec3n c\u00e1c s\u1ea3n ph\u1ea9m t\u1eeb c\u00e1c th\u00e0nh ph\u1ea7n ho\u1ea1t t\u00ednh d\u01b0\u1ee3c ph\u1ea9m (API) cho \u0111\u1ebfn c\u00e1c gi\u1ea3i ph\u00e1p t\u1ed5ng h\u1ee3p v\u00e0 b\u00e0o ch\u1ebf m\u1edbi, nh\u1eb1m mang l\u1ea1i l\u1ee3i \u00edch t\u1ed1i \u0111a cho b\u1ec7nh nh\u00e2n.<\/p>\n\n\n\n<p class=\"data-aos-animation has-custom-akiya-dark-color has-text-color has-link-color wp-elements-48e2847cc436f0141aa89c48c4138cc9\" style=\"margin-top:var(--wp--preset--spacing--30);margin-bottom:var(--wp--preset--spacing--20);padding-top:0;padding-bottom:0\">Ngo\u00e0i ra, Alpha Lab c\u0169ng ch\u00fa tr\u1ecdng \u0111\u1ebfn vi\u1ec7c nghi\u00ean c\u1ee9u v\u1ec1 c\u00e1c thu\u1ed1c d\u01b0\u1ee3c li\u1ec7u v\u00e0 s\u1ea3n ph\u1ea9m t\u1ef1 nhi\u00ean, nh\u1eb1m khai th\u00e1c tri\u1ec7t \u0111\u1ec3 ngu\u1ed3n nguy\u00ean li\u1ec7u phong ph\u00fa c\u1ee7a Vi\u1ec7t Nam trong l\u0129nh v\u1ef1c y d\u01b0\u1ee3c. S\u1ef1 k\u1ebft h\u1ee3p gi\u1eefa y h\u1ecdc c\u1ed5 truy\u1ec1n v\u00e0 c\u00f4ng ngh\u1ec7 hi\u1ec7n \u0111\u1ea1i kh\u00f4ng ch\u1ec9 m\u1edf r\u1ed9ng kh\u1ea3 n\u0103ng \u0111i\u1ec1u tr\u1ecb m\u00e0 c\u00f2n \u0111\u1ea3m b\u1ea3o t\u00ednh b\u1ec1n v\u1eefng v\u00e0 th\u00e2n thi\u1ec7n v\u1edbi m\u00f4i tr\u01b0\u1eddng.<\/p>\n\n\n\n<p class=\"data-aos-animation has-custom-akiya-dark-color has-text-color has-link-color wp-elements-6c8cf98bd24560882a11262f7684b73b\" style=\"margin-top:var(--wp--preset--spacing--30);margin-bottom:var(--wp--preset--spacing--20);padding-top:0;padding-bottom:0\">V\u1edbi cam k\u1ebft kh\u00f4ng ng\u1eebng n\u00e2ng cao ch\u1ea5t l\u01b0\u1ee3ng v\u00e0 hi\u1ec7u qu\u1ea3 c\u1ee7a s\u1ea3n ph\u1ea9m, ch\u00fang t\u00f4i t\u1ef1 h\u00e0o l\u00e0 m\u1ed9t trong nh\u1eefng ng\u01b0\u1eddi ti\u00ean phong trong ng\u00e0nh c\u00f4ng nghi\u1ec7p d\u01b0\u1ee3c t\u1ea1i Vi\u1ec7t Nam, \u0111\u01b0a c\u00e1c ti\u00eau chu\u1ea9n nghi\u00ean c\u1ee9u v\u00e0 ph\u00e1t tri\u1ec3n s\u1ea3n ph\u1ea9m l\u00ean t\u1ea7m cao m\u1edbi.<\/p>\n<\/div>\n<\/div>\n<\/section>\n","protected":false},"excerpt":{"rendered":"<p>TI\u00caN PHONG V\u1ec0 GI\u1ea2I PH\u00c1P TO\u00c0N DI\u1ec6N CHO NG\u00c0NH D\u01af\u1ee2C ALPHA LAB TI\u00caN PHONG TRONGNGHI\u00caN C\u1ee8U V\u00c0 PH\u00c1T TRI\u1ec2NS\u1ea2N PH\u1ea8M D\u01af\u1ee2C T\u1ea1i Alpha Lab, ch\u00fang t\u00f4i \u0111\u1eb7t tr\u1ecdng t\u00e2m v\u00e0o vi\u1ec7c nghi\u00ean c\u1ee9u v\u00e0 ph\u00e1t tri\u1ec3n s\u1ea3n ph\u1ea9m d\u01b0\u1ee3c \u0111\u1ec3 \u0111\u1ea3m b\u1ea3o r\u1eb1ng ch\u00fang t\u00f4i kh\u00f4ng ch\u1ec9 \u0111\u00e1p \u1ee9ng m\u00e0 c\u00f2n v\u01b0\u1ee3t tr\u1ed9i h\u01a1n c\u00e1c [&hellip;]<\/p>\n","protected":false},"author":2,"featured_media":0,"parent":0,"menu_order":0,"comment_status":"closed","ping_status":"closed","template":"","meta":{"inline_featured_image":false,"footnotes":""},"class_list":["post-854","page","type-page","status-publish","hentry"],"yoast_head":"<!-- This site is optimized with the Yoast SEO plugin v23.7 - https:\/\/yoast.com\/wordpress\/plugins\/seo\/ -->\n<title>Nghi\u00ean c\u1ee9u &amp; ph\u00e1t tri\u1ec3n - Energy of Harmony<\/title>\n<meta name=\"robots\" content=\"index, follow, max-snippet:-1, max-image-preview:large, max-video-preview:-1\" \/>\n<link rel=\"canonical\" href=\"https:\/\/aikya.vn\/vi\/nghien-cuu-phat-trien\/\" \/>\n<meta property=\"og:locale\" content=\"vi_VN\" \/>\n<meta property=\"og:type\" content=\"article\" \/>\n<meta property=\"og:title\" content=\"Nghi\u00ean c\u1ee9u &amp; ph\u00e1t tri\u1ec3n - Energy of Harmony\" \/>\n<meta property=\"og:description\" content=\"TI\u00caN PHONG V\u1ec0 GI\u1ea2I PH\u00c1P TO\u00c0N DI\u1ec6N CHO NG\u00c0NH D\u01af\u1ee2C ALPHA LAB TI\u00caN PHONG TRONGNGHI\u00caN C\u1ee8U V\u00c0 PH\u00c1T TRI\u1ec2NS\u1ea2N PH\u1ea8M D\u01af\u1ee2C T\u1ea1i Alpha Lab, ch\u00fang t\u00f4i \u0111\u1eb7t tr\u1ecdng t\u00e2m v\u00e0o vi\u1ec7c nghi\u00ean c\u1ee9u v\u00e0 ph\u00e1t tri\u1ec3n s\u1ea3n ph\u1ea9m d\u01b0\u1ee3c \u0111\u1ec3 \u0111\u1ea3m b\u1ea3o r\u1eb1ng ch\u00fang t\u00f4i kh\u00f4ng ch\u1ec9 \u0111\u00e1p \u1ee9ng m\u00e0 c\u00f2n v\u01b0\u1ee3t tr\u1ed9i h\u01a1n c\u00e1c [&hellip;]\" \/>\n<meta property=\"og:url\" content=\"https:\/\/aikya.vn\/vi\/nghien-cuu-phat-trien\/\" \/>\n<meta property=\"og:site_name\" content=\"Energy of Harmony\" \/>\n<meta property=\"article:modified_time\" content=\"2025-01-22T20:27:49+00:00\" \/>\n<meta property=\"og:image\" content=\"https:\/\/aikya.vn\/wp-content\/themes\/aikya-theme\/assets\/images\/giai-phap-banner.jpg\" \/>\n<meta name=\"twitter:card\" content=\"summary_large_image\" \/>\n<meta name=\"twitter:label1\" content=\"Est. reading time\" \/>\n\t<meta name=\"twitter:data1\" content=\"3 minutes\" \/>\n<script type=\"application\/ld+json\" class=\"yoast-schema-graph\">{\"@context\":\"https:\/\/schema.org\",\"@graph\":[{\"@type\":\"WebPage\",\"@id\":\"https:\/\/aikya.vn\/vi\/nghien-cuu-phat-trien\/\",\"url\":\"https:\/\/aikya.vn\/vi\/nghien-cuu-phat-trien\/\",\"name\":\"Nghi\u00ean c\u1ee9u &amp; ph\u00e1t tri\u1ec3n - Energy of Harmony\",\"isPartOf\":{\"@id\":\"https:\/\/aikya.vn\/vi\/#website\"},\"primaryImageOfPage\":{\"@id\":\"https:\/\/aikya.vn\/vi\/nghien-cuu-phat-trien\/#primaryimage\"},\"image\":{\"@id\":\"https:\/\/aikya.vn\/vi\/nghien-cuu-phat-trien\/#primaryimage\"},\"thumbnailUrl\":\"https:\/\/aikya.vn\/wp-content\/themes\/aikya-theme\/assets\/images\/giai-phap-banner.jpg\",\"datePublished\":\"2024-10-23T14:24:30+00:00\",\"dateModified\":\"2025-01-22T20:27:49+00:00\",\"breadcrumb\":{\"@id\":\"https:\/\/aikya.vn\/vi\/nghien-cuu-phat-trien\/#breadcrumb\"},\"inLanguage\":\"vi-VN\",\"potentialAction\":[{\"@type\":\"ReadAction\",\"target\":[\"https:\/\/aikya.vn\/vi\/nghien-cuu-phat-trien\/\"]}]},{\"@type\":\"ImageObject\",\"inLanguage\":\"vi-VN\",\"@id\":\"https:\/\/aikya.vn\/vi\/nghien-cuu-phat-trien\/#primaryimage\",\"url\":\"https:\/\/aikya.vn\/wp-content\/themes\/aikya-theme\/assets\/images\/giai-phap-banner.jpg\",\"contentUrl\":\"https:\/\/aikya.vn\/wp-content\/themes\/aikya-theme\/assets\/images\/giai-phap-banner.jpg\"},{\"@type\":\"BreadcrumbList\",\"@id\":\"https:\/\/aikya.vn\/vi\/nghien-cuu-phat-trien\/#breadcrumb\",\"itemListElement\":[{\"@type\":\"ListItem\",\"position\":1,\"name\":\"Home\",\"item\":\"http:\/\/www.aikya.vn\/vi\/\"},{\"@type\":\"ListItem\",\"position\":2,\"name\":\"Nghi\u00ean c\u1ee9u &amp; ph\u00e1t tri\u1ec3n\"}]},{\"@type\":\"WebSite\",\"@id\":\"https:\/\/aikya.vn\/vi\/#website\",\"url\":\"https:\/\/aikya.vn\/vi\/\",\"name\":\"Aikya - Energy of Harmony\",\"description\":\"\",\"publisher\":{\"@id\":\"https:\/\/aikya.vn\/vi\/#organization\"},\"potentialAction\":[{\"@type\":\"SearchAction\",\"target\":{\"@type\":\"EntryPoint\",\"urlTemplate\":\"https:\/\/aikya.vn\/vi\/?s={search_term_string}\"},\"query-input\":{\"@type\":\"PropertyValueSpecification\",\"valueRequired\":true,\"valueName\":\"search_term_string\"}}],\"inLanguage\":\"vi-VN\"},{\"@type\":\"Organization\",\"@id\":\"https:\/\/aikya.vn\/vi\/#organization\",\"name\":\"Aikya - Energy of Harmony\",\"url\":\"https:\/\/aikya.vn\/vi\/\",\"logo\":{\"@type\":\"ImageObject\",\"inLanguage\":\"vi-VN\",\"@id\":\"https:\/\/aikya.vn\/vi\/#\/schema\/logo\/image\/\",\"url\":\"https:\/\/aikya.vn\/wp-content\/uploads\/2024\/10\/aikya-thumbnail.png\",\"contentUrl\":\"https:\/\/aikya.vn\/wp-content\/uploads\/2024\/10\/aikya-thumbnail.png\",\"width\":1200,\"height\":628,\"caption\":\"Aikya - Energy of Harmony\"},\"image\":{\"@id\":\"https:\/\/aikya.vn\/vi\/#\/schema\/logo\/image\/\"}}]}<\/script>\n<!-- \/ Yoast SEO plugin. -->","yoast_head_json":{"title":"Nghi\u00ean c\u1ee9u &amp; ph\u00e1t tri\u1ec3n - Energy of Harmony","robots":{"index":"index","follow":"follow","max-snippet":"max-snippet:-1","max-image-preview":"max-image-preview:large","max-video-preview":"max-video-preview:-1"},"canonical":"https:\/\/aikya.vn\/vi\/nghien-cuu-phat-trien\/","og_locale":"vi_VN","og_type":"article","og_title":"Nghi\u00ean c\u1ee9u &amp; ph\u00e1t tri\u1ec3n - Energy of Harmony","og_description":"TI\u00caN PHONG V\u1ec0 GI\u1ea2I PH\u00c1P TO\u00c0N DI\u1ec6N CHO NG\u00c0NH D\u01af\u1ee2C ALPHA LAB TI\u00caN PHONG TRONGNGHI\u00caN C\u1ee8U V\u00c0 PH\u00c1T TRI\u1ec2NS\u1ea2N PH\u1ea8M D\u01af\u1ee2C T\u1ea1i Alpha Lab, ch\u00fang t\u00f4i \u0111\u1eb7t tr\u1ecdng t\u00e2m v\u00e0o vi\u1ec7c nghi\u00ean c\u1ee9u v\u00e0 ph\u00e1t tri\u1ec3n s\u1ea3n ph\u1ea9m d\u01b0\u1ee3c \u0111\u1ec3 \u0111\u1ea3m b\u1ea3o r\u1eb1ng ch\u00fang t\u00f4i kh\u00f4ng ch\u1ec9 \u0111\u00e1p \u1ee9ng m\u00e0 c\u00f2n v\u01b0\u1ee3t tr\u1ed9i h\u01a1n c\u00e1c [&hellip;]","og_url":"https:\/\/aikya.vn\/vi\/nghien-cuu-phat-trien\/","og_site_name":"Energy of Harmony","article_modified_time":"2025-01-22T20:27:49+00:00","og_image":[{"url":"https:\/\/aikya.vn\/wp-content\/themes\/aikya-theme\/assets\/images\/giai-phap-banner.jpg"}],"twitter_card":"summary_large_image","twitter_misc":{"Est. reading time":"3 minutes"},"schema":{"@context":"https:\/\/schema.org","@graph":[{"@type":"WebPage","@id":"https:\/\/aikya.vn\/vi\/nghien-cuu-phat-trien\/","url":"https:\/\/aikya.vn\/vi\/nghien-cuu-phat-trien\/","name":"Nghi\u00ean c\u1ee9u &amp; ph\u00e1t tri\u1ec3n - Energy of Harmony","isPartOf":{"@id":"https:\/\/aikya.vn\/vi\/#website"},"primaryImageOfPage":{"@id":"https:\/\/aikya.vn\/vi\/nghien-cuu-phat-trien\/#primaryimage"},"image":{"@id":"https:\/\/aikya.vn\/vi\/nghien-cuu-phat-trien\/#primaryimage"},"thumbnailUrl":"https:\/\/aikya.vn\/wp-content\/themes\/aikya-theme\/assets\/images\/giai-phap-banner.jpg","datePublished":"2024-10-23T14:24:30+00:00","dateModified":"2025-01-22T20:27:49+00:00","breadcrumb":{"@id":"https:\/\/aikya.vn\/vi\/nghien-cuu-phat-trien\/#breadcrumb"},"inLanguage":"vi-VN","potentialAction":[{"@type":"ReadAction","target":["https:\/\/aikya.vn\/vi\/nghien-cuu-phat-trien\/"]}]},{"@type":"ImageObject","inLanguage":"vi-VN","@id":"https:\/\/aikya.vn\/vi\/nghien-cuu-phat-trien\/#primaryimage","url":"https:\/\/aikya.vn\/wp-content\/themes\/aikya-theme\/assets\/images\/giai-phap-banner.jpg","contentUrl":"https:\/\/aikya.vn\/wp-content\/themes\/aikya-theme\/assets\/images\/giai-phap-banner.jpg"},{"@type":"BreadcrumbList","@id":"https:\/\/aikya.vn\/vi\/nghien-cuu-phat-trien\/#breadcrumb","itemListElement":[{"@type":"ListItem","position":1,"name":"Home","item":"http:\/\/www.aikya.vn\/vi\/"},{"@type":"ListItem","position":2,"name":"Nghi\u00ean c\u1ee9u &amp; ph\u00e1t tri\u1ec3n"}]},{"@type":"WebSite","@id":"https:\/\/aikya.vn\/vi\/#website","url":"https:\/\/aikya.vn\/vi\/","name":"Aikya - Energy of Harmony","description":"","publisher":{"@id":"https:\/\/aikya.vn\/vi\/#organization"},"potentialAction":[{"@type":"SearchAction","target":{"@type":"EntryPoint","urlTemplate":"https:\/\/aikya.vn\/vi\/?s={search_term_string}"},"query-input":{"@type":"PropertyValueSpecification","valueRequired":true,"valueName":"search_term_string"}}],"inLanguage":"vi-VN"},{"@type":"Organization","@id":"https:\/\/aikya.vn\/vi\/#organization","name":"Aikya - Energy of Harmony","url":"https:\/\/aikya.vn\/vi\/","logo":{"@type":"ImageObject","inLanguage":"vi-VN","@id":"https:\/\/aikya.vn\/vi\/#\/schema\/logo\/image\/","url":"https:\/\/aikya.vn\/wp-content\/uploads\/2024\/10\/aikya-thumbnail.png","contentUrl":"https:\/\/aikya.vn\/wp-content\/uploads\/2024\/10\/aikya-thumbnail.png","width":1200,"height":628,"caption":"Aikya - Energy of Harmony"},"image":{"@id":"https:\/\/aikya.vn\/vi\/#\/schema\/logo\/image\/"}}]}},"_links":{"self":[{"href":"https:\/\/aikya.vn\/vi\/wp-json\/wp\/v2\/pages\/854"}],"collection":[{"href":"https:\/\/aikya.vn\/vi\/wp-json\/wp\/v2\/pages"}],"about":[{"href":"https:\/\/aikya.vn\/vi\/wp-json\/wp\/v2\/types\/page"}],"author":[{"embeddable":true,"href":"https:\/\/aikya.vn\/vi\/wp-json\/wp\/v2\/users\/2"}],"replies":[{"embeddable":true,"href":"https:\/\/aikya.vn\/vi\/wp-json\/wp\/v2\/comments?post=854"}],"version-history":[{"count":29,"href":"https:\/\/aikya.vn\/vi\/wp-json\/wp\/v2\/pages\/854\/revisions"}],"predecessor-version":[{"id":1950,"href":"https:\/\/aikya.vn\/vi\/wp-json\/wp\/v2\/pages\/854\/revisions\/1950"}],"wp:attachment":[{"href":"https:\/\/aikya.vn\/vi\/wp-json\/wp\/v2\/media?parent=854"}],"curies":[{"name":"wp","href":"https:\/\/api.w.org\/{rel}","templated":true}]}}