{"id":723,"date":"2024-10-09T10:46:32","date_gmt":"2024-10-09T03:46:32","guid":{"rendered":"https:\/\/aikya.vn\/?page_id=723"},"modified":"2025-01-23T04:48:30","modified_gmt":"2025-01-22T21:48:30","slug":"gia-tri-cot-loi","status":"publish","type":"page","link":"https:\/\/aikya.vn\/vi\/gia-tri-cot-loi\/","title":{"rendered":"Gi\u00e1 tr\u1ecb c\u1ed1t l\u00f5i"},"content":{"rendered":"\n<section class=\"wp-block-group page__banner alignfull has-custom-akiya-red-background-color has-background has-global-padding is-layout-constrained wp-container-core-group-is-layout-3 wp-block-group-is-layout-constrained\" style=\"margin-top:0;margin-bottom:0;padding-top:0;padding-right:0;padding-bottom:0;padding-left:0\">\n<figure class=\"wp-block-image size-full hidden banner-image height-100-percent image-left\"><img decoding=\"async\" src=\"https:\/\/aikya.vn\/wp-content\/themes\/aikya-theme\/assets\/images\/about-banner.jpg\" alt=\"\" class=\"wp-image-582\"\/><\/figure>\n\n\n\n<figure class=\"wp-block-video banner-video banner-image height-100-percent image-left\" style=\"margin-top:0;margin-right:0;margin-bottom:0;margin-left:0;padding-top:0;padding-right:0;padding-bottom:0;padding-left:0\"><video autoplay loop muted src=\"http:\/\/aikya.vn\/wp-content\/uploads\/2024\/11\/home-hero.mp4\" playsinline><\/video><\/figure>\n\n\n\n<div class=\"wp-block-group page__banner-content has-global-padding is-layout-constrained wp-block-group-is-layout-constrained\" style=\"padding-top:0;padding-bottom:0\">\n<div class=\"wp-block-columns alignfull is-layout-flex wp-container-core-columns-is-layout-1 wp-block-columns-is-layout-flex\" style=\"padding-top:0;padding-bottom:0\">\n<div class=\"wp-block-column is-layout-flow wp-block-column-is-layout-flow\" style=\"flex-basis:60%\"><\/div>\n\n\n\n<div class=\"wp-block-column has-white-color has-text-color has-link-color wp-elements-b4e2cc29bba51373aa782d93b49bf9f9 is-layout-flow wp-block-column-is-layout-flow\" style=\"padding-top:var(--wp--preset--spacing--70);padding-bottom:var(--wp--preset--spacing--70);padding-left:var(--wp--preset--spacing--60);flex-basis:40%\">\n<figure class=\"wp-block-image size-full animation__fade-up data-aos-animation\"><img decoding=\"async\" src=\"https:\/\/aikya.vn\/wp-content\/themes\/aikya-theme\/assets\/images\/logo-withe-big.png\" alt=\"\" class=\"wp-image-589\"\/><\/figure>\n\n\n\n<div class=\"wp-block-group is-horizontal is-nowrap is-layout-flex wp-container-core-group-is-layout-1 wp-block-group-is-layout-flex\">\n<h1 class=\"wp-block-heading animation__fade-up data-aos-animation\" style=\"font-size:4rem;line-height:0.9\">ENERGY<\/h1>\n\n\n\n<h2 class=\"wp-block-heading\" style=\"font-size:2.5rem\">OF<\/h2>\n<\/div>\n\n\n\n<h1 class=\"wp-block-heading animation__fade-up data-aos-animation\" style=\"margin-top:0;font-size:4rem\">HARMONY<\/h1>\n<\/div>\n<\/div>\n<\/div>\n<\/section>\n\n\n\n<section class=\"wp-block-group page__nav alignfull has-global-padding is-layout-constrained wp-block-group-is-layout-constrained\" style=\"border-bottom-color:var(--wp--preset--color--black);border-bottom-width:1px;margin-top:0;margin-bottom:0;padding-top:0;padding-bottom:0\">\n<div class=\"wp-block-group has-global-padding is-layout-constrained wp-block-group-is-layout-constrained\"><nav class=\"items-justified-center wp-block-navigation is-content-justification-center is-layout-flex wp-container-core-navigation-is-layout-1 wp-block-navigation-is-layout-flex\" aria-label=\"About us VN\"><ul class=\"wp-block-navigation__container items-justified-center wp-block-navigation\"><li class=\" wp-block-navigation-item wp-block-navigation-link\"><a class=\"wp-block-navigation-item__content\"  href=\"https:\/\/aikya.vn\/vi\/tong-quan\/\"><span class=\"wp-block-navigation-item__label\">T\u1ed4NG QUAN<\/span><\/a><\/li><li class=\" wp-block-navigation-item wp-block-navigation-link\"><a class=\"wp-block-navigation-item__content\"  href=\"https:\/\/aikya.vn\/vi\/gia-tri-cot-loi\/\"><span class=\"wp-block-navigation-item__label\">GI\u00c1 TR\u1eca C\u1ed0T L\u00d5I<\/span><\/a><\/li><li class=\" wp-block-navigation-item wp-block-navigation-link\"><a class=\"wp-block-navigation-item__content\"  href=\"https:\/\/aikya.vn\/vi\/tam-nhin-chien-luoc\/\"><span class=\"wp-block-navigation-item__label\">T\u1ea6M NH\u00ccN CHI\u1ebeN L\u01af\u1ee2C<\/span><\/a><\/li><li class=\" wp-block-navigation-item wp-block-navigation-link\"><a class=\"wp-block-navigation-item__content\"  href=\"https:\/\/aikya.vn\/vi\/giai-thuong-tieu-bieu\/\"><span class=\"wp-block-navigation-item__label\">GI\u1ea2I TH\u01af\u1edeNG TI\u00caU BI\u1ec2U<\/span><\/a><\/li><li class=\" wp-block-navigation-item wp-block-navigation-link\"><a class=\"wp-block-navigation-item__content\"  href=\"https:\/\/aikya.vn\/vi\/trach-nhiem-xa-hoi\/\"><span class=\"wp-block-navigation-item__label\">TR\u00c1CH NHI\u1ec6M X\u00c3 H\u1ed8I<\/span><\/a><\/li><\/ul><\/nav><\/div>\n<\/section>\n\n\n\n<section class=\"wp-block-group alignfull section__giatricotloi has-global-padding is-layout-constrained wp-container-core-group-is-layout-13 wp-block-group-is-layout-constrained has-background\" style=\"margin-top:0;margin-bottom:0;padding-top:0;padding-right:0;padding-bottom:0;padding-left:0;background-image:url(&#039;https:\/\/aikya.vn\/wp-content\/themes\/aikya-theme\/assets\/images\/gia-tri-cot-loi-bg.jpg&#039;);background-position:50% 50%;background-size:cover;\">\n<div class=\"wp-block-group section__giatricotloi-chart has-global-padding is-layout-constrained wp-container-core-group-is-layout-12 wp-block-group-is-layout-constrained\" style=\"margin-top:0;margin-bottom:0;padding-top:var(--wp--preset--spacing--60);padding-right:var(--wp--preset--spacing--50);padding-bottom:0;padding-left:var(--wp--preset--spacing--50)\">\n<div class=\"wp-block-columns is-layout-flex wp-container-core-columns-is-layout-2 wp-block-columns-is-layout-flex\" style=\"padding-right:0;padding-left:0\">\n<div class=\"wp-block-column animation__fade-up data-aos-animation is-layout-flow wp-block-column-is-layout-flow\" style=\"flex-basis:25%\">\n<div id=\"chart-content-1\" class=\"wp-block-group section__giatricotloi-item data-aos-animation aos-fade-right has-global-padding is-layout-constrained wp-block-group-is-layout-constrained\">\n<h3 class=\"wp-block-heading has-text-align-center has-custom-akiya-red-1-color has-text-color has-link-color has-large-font-size wp-elements-7cf9d17502db71172c48b55e603fc23e\" style=\"margin-top:0;margin-bottom:0;font-style:normal;font-weight:400\">01.<\/h3>\n\n\n\n<h2 class=\"wp-block-heading has-text-align-center animation__fade-up data-aos-animation has-custom-akiya-red-1-color has-text-color has-link-color wp-elements-183d9e38eabfe209ff4d6d45b77c12d4\" style=\"margin-top:0;margin-bottom:0;padding-top:0;padding-bottom:0;font-size:2.2rem\">HI\u1ec6P L\u1ef0C<\/h2>\n\n\n\n<p class=\"has-text-align-center has-custom-akiya-dark-color has-text-color has-link-color wp-elements-5d1ef49be0f6bc335e1f43e7b51a2bad\" style=\"margin-top:var(--wp--preset--spacing--30);margin-bottom:var(--wp--preset--spacing--30);padding-top:0;padding-bottom:0\">Aikya ki\u1ebfn t\u1ea1o s\u1ee9c m\u1ea1nh t\u1eeb s\u1ef1 hi\u1ec7p l\u1ef1c kinh nghi\u1ec7m, c\u00f4ng ngh\u1ec7 v\u00e0 t\u00e0i nguy\u00ean t\u1eeb c\u00e1c c\u00f4ng ty th\u00e0nh vi\u00ean trong t\u1eadp \u0111o\u00e0n. Ch\u00fang t\u00f4i tin r\u1eb1ng s\u1ef1 h\u1ee3p nh\u1ea5t c\u1ee7a c\u00e1c ngu\u1ed3n l\u1ef1c \u0111a d\u1ea1ng n\u00e0y l\u00e0 ch\u00eca kh\u00f3a \u0111\u1ec3 \u0111\u1ea1t \u0111\u01b0\u1ee3c hi\u1ec7u qu\u1ea3 v\u00e0 s\u00e1ng t\u1ea1o v\u01b0\u1ee3t tr\u1ed9i trong m\u1ecdi ho\u1ea1t \u0111\u1ed9ng.<\/p>\n<\/div>\n<\/div>\n\n\n\n<div class=\"wp-block-column is-layout-flow wp-block-column-is-layout-flow\" style=\"flex-basis:50%\"><\/div>\n\n\n\n<div class=\"wp-block-column animation__fade-up data-aos-animation is-layout-flow wp-block-column-is-layout-flow\" style=\"flex-basis:25%\">\n<div id=\"chart-content-2\" class=\"wp-block-group section__giatricotloi-item data-aos-animation aos-fade-left has-global-padding is-layout-constrained wp-block-group-is-layout-constrained\">\n<h3 class=\"wp-block-heading has-text-align-center animation__fade-up data-aos-animation has-custom-akiya-red-1-color has-text-color has-link-color has-large-font-size wp-elements-1043564e501253442913cb6aa272febe\" style=\"margin-top:0;margin-bottom:0;font-style:normal;font-weight:400\">02.<\/h3>\n\n\n\n<h2 class=\"wp-block-heading has-text-align-center animation__fade-up data-aos-animation has-custom-akiya-red-1-color has-text-color has-link-color wp-elements-7755dda09044ebbb00480da4f66acd7c\" style=\"margin-top:0;margin-bottom:0;padding-top:0;padding-bottom:0;font-size:2.2rem\">CH\u1ea4T L\u01af\u1ee2NG EU<br>CHO NG\u01af\u1edcI VI\u1ec6T<\/h2>\n\n\n\n<p class=\"has-text-align-center animation__fade-up data-aos-animation has-custom-akiya-dark-color has-text-color has-link-color wp-elements-057d99c356f38b9a60f248ef34d82d04\" style=\"margin-top:var(--wp--preset--spacing--30);margin-bottom:var(--wp--preset--spacing--30);padding-top:0;padding-bottom:0\">V\u1edbi 100% v\u1ed1n \u0111\u1ea7u t\u01b0 v\u00e0 ph\u00e1t tri\u1ec3n t\u1ea1i Vi\u1ec7t Nam, Aikya cam k\u1ebft mang \u0111\u1ebfn nh\u1eefng gi\u1ea3i ph\u00e1p y t\u1ebf v\u00e0 d\u01b0\u1ee3c ph\u1ea9m \u0111\u1ea1t ti\u00eau chu\u1ea9n ch\u00e2u \u00e2u, \u0111\u01b0\u1ee3c thi\u1ebft k\u1ebf ri\u00eang \u0111\u1ec3 \u0111\u00e1p \u1ee9ng nhu c\u1ea7u c\u1ee5 th\u1ec3 c\u1ee7a ng\u01b0\u1eddi Vi\u1ec7t.<\/p>\n<\/div>\n<\/div>\n<\/div>\n\n\n\n<div class=\"wp-block-columns is-layout-flex wp-container-core-columns-is-layout-3 wp-block-columns-is-layout-flex\" style=\"padding-right:0;padding-left:0\">\n<div class=\"wp-block-column data-aos-animation aos-fade-right is-layout-flow wp-block-column-is-layout-flow\" style=\"flex-basis:25%\">\n<div id=\"chart-content-5\" class=\"wp-block-group section__giatricotloi-item data-aos-animation aos-fade-right has-global-padding is-layout-constrained wp-block-group-is-layout-constrained\">\n<h3 class=\"wp-block-heading has-text-align-center data-aos-animation aos-fade-right has-custom-akiya-red-1-color has-text-color has-link-color has-large-font-size wp-elements-831c6888a8e8202df4d33842f5dca3d8\" style=\"margin-top:0;margin-bottom:0;font-style:normal;font-weight:400\">05.<\/h3>\n\n\n\n<h2 class=\"wp-block-heading has-text-align-center data-aos-animation aos-fade-right has-custom-akiya-red-1-color has-text-color has-link-color wp-elements-e086af819da3637ccb9f555b6bec13c5\" style=\"margin-top:0;margin-bottom:0;padding-top:0;padding-bottom:0;font-size:2.2rem\">T\u1eacN T\u00c2M<\/h2>\n\n\n\n<p class=\"has-text-align-center data-aos-animation aos-fade-right has-custom-akiya-dark-color has-text-color has-link-color wp-elements-35831b8bc1f79312a03e473a23b6dde0\" style=\"margin-top:var(--wp--preset--spacing--30);margin-bottom:var(--wp--preset--spacing--30);padding-top:0;padding-bottom:0\">T\u1ea1i Aikya, t\u1eadn t\u00e2m kh\u00f4ng ch\u1ec9 l\u00e0 m\u1ed9t gi\u00e1 tr\u1ecb c\u1ed1t l\u00f5i m\u00e0 c\u00f2n l\u00e0 ph\u01b0\u01a1ng ch\u00e2m h\u00e0nh \u0111\u1ed9ng h\u00e0ng ng\u00e0y c\u1ee7a \u0111\u1ed9i ng\u0169 l\u00e3nh \u0111\u1ea1o v\u00e0 nh\u00e2n vi\u00ean ch\u00fang t\u00f4i. \u0110\u1ed9i ng\u0169 c\u1ee7a Aikya \u0111\u01b0\u1ee3c trang b\u1ecb ki\u1ebfn th\u1ee9c chuy\u00ean m\u00f4n v\u00e0 \u0111\u00e0o t\u1ea1o b\u00e0i b\u1ea3n, l\u00e0m vi\u1ec7c v\u1edbi l\u00f2ng nhi\u1ec7t huy\u1ebft v\u00e0 tr\u00e1ch nhi\u1ec7m cao nh\u1ea5t, nh\u1eb1m m\u1ee5c ti\u00eau cu\u1ed1i c\u00f9ng l\u00e0 c\u1ea3i thi\u1ec7n v\u00e0 b\u1ea3o v\u1ec7 s\u1ee9c kh\u1ecfe c\u1ed9ng \u0111\u1ed3ng.<\/p>\n<\/div>\n<\/div>\n\n\n\n<div class=\"wp-block-column image-center is-layout-flow wp-block-column-is-layout-flow\" style=\"flex-basis:50%\">\n<div class=\"wp-block-group section__giatricotloi-chart__images has-global-padding is-layout-constrained wp-block-group-is-layout-constrained\">\n<figure class=\"wp-block-image size-large section__giatricotloi-chart__images-item item-1\"><a href=\"#chart-content-1\"><img decoding=\"async\" src=\"https:\/\/aikya.vn\/wp-content\/themes\/aikya-theme\/assets\/images\/chart-1.png\" alt=\"\"\/><\/a><\/figure>\n\n\n\n<figure class=\"wp-block-image size-large section__giatricotloi-chart__images-item item-2\"><a href=\"#chart-content-2\"><img decoding=\"async\" src=\"https:\/\/aikya.vn\/wp-content\/themes\/aikya-theme\/assets\/images\/chart-2.png\" alt=\"\"\/><\/a><\/figure>\n\n\n\n<figure class=\"wp-block-image size-large section__giatricotloi-chart__images-item item-3\"><a href=\"#chart-content-3\"><img decoding=\"async\" src=\"https:\/\/aikya.vn\/wp-content\/themes\/aikya-theme\/assets\/images\/chart-3.png\" alt=\"\"\/><\/a><\/figure>\n\n\n\n<figure class=\"wp-block-image size-large section__giatricotloi-chart__images-item item-4\"><a href=\"#chart-content-4\"><img decoding=\"async\" src=\"https:\/\/aikya.vn\/wp-content\/themes\/aikya-theme\/assets\/images\/chart-4.png\" alt=\"\"\/><\/a><\/figure>\n\n\n\n<figure class=\"wp-block-image size-large section__giatricotloi-chart__images-item item-5\"><a href=\"#chart-content-5\"><img decoding=\"async\" src=\"https:\/\/aikya.vn\/wp-content\/themes\/aikya-theme\/assets\/images\/chart-5.png\" alt=\"\"\/><\/a><\/figure>\n\n\n\n<figure class=\"wp-block-image size-large section__giatricotloi-chart__images-item item-0\"><img decoding=\"async\" src=\"https:\/\/aikya.vn\/wp-content\/themes\/aikya-theme\/assets\/images\/chart-title.png\" alt=\"\"\/><\/figure>\n<\/div>\n<\/div>\n\n\n\n<div class=\"wp-block-column is-layout-flow wp-block-column-is-layout-flow\" style=\"flex-basis:25%\">\n<div id=\"chart-content-3\" class=\"wp-block-group section__giatricotloi-item data-aos-animation aos-fade-left has-global-padding is-layout-constrained wp-block-group-is-layout-constrained\">\n<h3 class=\"wp-block-heading has-text-align-center data-aos-animation aos-fade-left has-custom-akiya-red-1-color has-text-color has-link-color has-large-font-size wp-elements-95dc4dcbb47a632bc1dde90a59883e5f\" style=\"margin-top:0;margin-bottom:0;font-style:normal;font-weight:400\">03.<\/h3>\n\n\n\n<h2 class=\"wp-block-heading has-text-align-center data-aos-animation aos-fade-left has-custom-akiya-red-1-color has-text-color has-link-color wp-elements-fa706cc0b3e707481ec0107b90ea67a6\" style=\"margin-top:0;margin-bottom:0;padding-top:0;padding-bottom:0;font-size:2.2rem\">QUY M\u00d4 L\u1edaN<\/h2>\n\n\n\n<p class=\"has-text-align-center data-aos-animation aos-fade-left has-custom-akiya-dark-color has-text-color has-link-color wp-elements-e15bcf188925c69af06400f02ea460c7\" style=\"margin-top:var(--wp--preset--spacing--30);margin-bottom:var(--wp--preset--spacing--30);padding-top:0;padding-bottom:0\">Aikya h\u01b0\u1edbng t\u1edbi m\u1ee5c ti\u00eau tr\u1edf th\u00e0nh t\u1eadp \u0111o\u00e0n s\u1edf h\u1eefu c\u1ee5m c\u00f4ng nghi\u1ec7p d\u01b0\u1ee3c l\u1edbn nh\u1ea5t Vi\u1ec7t Nam, v\u1edbi quy m\u00f4 v\u00e0 kh\u1ea3 n\u0103ng ph\u00e1t tri\u1ec3n kh\u00f4ng ng\u1eebng nh\u1eb1m m\u1edf r\u1ed9ng \u1ea3nh h\u01b0\u1edfng v\u00e0 t\u0103ng c\u01b0\u1eddng kh\u1ea3 n\u0103ng ph\u1ee5c v\u1ee5 c\u1ed9ng \u0111\u1ed3ng.<\/p>\n<\/div>\n<\/div>\n<\/div>\n\n\n\n<div class=\"wp-block-columns is-layout-flex wp-container-core-columns-is-layout-4 wp-block-columns-is-layout-flex\" style=\"padding-right:0;padding-bottom:var(--wp--preset--spacing--70);padding-left:0\">\n<div class=\"wp-block-column is-layout-flow wp-block-column-is-layout-flow\" style=\"flex-basis:25%\"><\/div>\n\n\n\n<div class=\"wp-block-column is-layout-flow wp-block-column-is-layout-flow\" style=\"flex-basis:50%\">\n<div id=\"chart-content-4\" class=\"wp-block-group section__giatricotloi-item data-aos-animation has-global-padding is-layout-constrained wp-block-group-is-layout-constrained\">\n<h3 class=\"wp-block-heading has-text-align-center has-custom-akiya-red-1-color has-text-color has-link-color has-large-font-size wp-elements-a161e82f03bce4565f4e95104fbc80bd\" style=\"margin-top:0;margin-bottom:0;font-style:normal;font-weight:400\">04.<\/h3>\n\n\n\n<h2 class=\"wp-block-heading has-text-align-center has-custom-akiya-red-1-color has-text-color has-link-color wp-elements-c42b204e1f0fd7a8fe1418f974a3dbc9\" style=\"margin-top:0;margin-bottom:0;padding-top:0;padding-bottom:0;font-size:2.2rem\">N\u0102NG L\u1ef0C HI\u1ec6N TH\u1ef0C H\u00d3A<\/h2>\n\n\n\n<p class=\"has-text-align-center has-custom-akiya-dark-color has-text-color has-link-color wp-elements-37553cfce95b9d8e3122d42e6b5b6d20\" style=\"margin-top:var(--wp--preset--spacing--30);margin-bottom:var(--wp--preset--spacing--30);padding-top:0;padding-bottom:0\">Ch\u00fang t\u00f4i s\u1edf h\u1eefu m\u1ed9t h\u1ec7 th\u1ed1ng ho\u00e0n ch\u1ec9nh bao g\u1ed3m nghi\u00ean c\u1ee9u, d\u00e2y chuy\u1ec1n s\u1ea3n xu\u1ea5t \u0111\u1ebfn ph\u00e2n ph\u1ed1i v\u00e0 b\u00e1n h\u00e0ng. M\u1ed7i b\u01b0\u1edbc trong quy tr\u00ecnh n\u00e0y \u0111\u1ec1u \u0111\u01b0\u1ee3c ki\u1ec3m so\u00e1t ch\u1eb7t ch\u1ebd \u0111\u1ec3 \u0111\u1ea3m b\u1ea3o t\u00ednh hi\u1ec7u qu\u1ea3 xuy\u00ean su\u1ed1t v\u00e0 s\u1ea3n ph\u1ea9m lu\u00f4n \u0111\u1ea1t ch\u1ea5t l\u01b0\u1ee3ng t\u1ed1t nh\u1ea5t khi \u0111\u1ebfn tay ng\u01b0\u1eddi d\u00f9ng.<\/p>\n<\/div>\n<\/div>\n\n\n\n<div class=\"wp-block-column is-layout-flow wp-block-column-is-layout-flow\" style=\"flex-basis:25%\"><\/div>\n<\/div>\n<\/div>\n<\/section>\n","protected":false},"excerpt":{"rendered":"<p>ENERGY OF HARMONY 01. HI\u1ec6P L\u1ef0C Aikya ki\u1ebfn t\u1ea1o s\u1ee9c m\u1ea1nh t\u1eeb s\u1ef1 hi\u1ec7p l\u1ef1c kinh nghi\u1ec7m, c\u00f4ng ngh\u1ec7 v\u00e0 t\u00e0i nguy\u00ean t\u1eeb c\u00e1c c\u00f4ng ty th\u00e0nh vi\u00ean trong t\u1eadp \u0111o\u00e0n. Ch\u00fang t\u00f4i tin r\u1eb1ng s\u1ef1 h\u1ee3p nh\u1ea5t c\u1ee7a c\u00e1c ngu\u1ed3n l\u1ef1c \u0111a d\u1ea1ng n\u00e0y l\u00e0 ch\u00eca kh\u00f3a \u0111\u1ec3 \u0111\u1ea1t \u0111\u01b0\u1ee3c hi\u1ec7u qu\u1ea3 v\u00e0 s\u00e1ng [&hellip;]<\/p>\n","protected":false},"author":1,"featured_media":0,"parent":0,"menu_order":0,"comment_status":"closed","ping_status":"closed","template":"","meta":{"inline_featured_image":false,"footnotes":""},"class_list":["post-723","page","type-page","status-publish","hentry"],"yoast_head":"<!-- This site is optimized with the Yoast SEO plugin v23.7 - https:\/\/yoast.com\/wordpress\/plugins\/seo\/ -->\n<title>Gi\u00e1 tr\u1ecb c\u1ed1t l\u00f5i - Energy of Harmony<\/title>\n<meta name=\"robots\" content=\"index, follow, max-snippet:-1, max-image-preview:large, max-video-preview:-1\" \/>\n<link rel=\"canonical\" href=\"https:\/\/aikya.vn\/vi\/gia-tri-cot-loi\/\" \/>\n<meta property=\"og:locale\" content=\"vi_VN\" \/>\n<meta property=\"og:type\" content=\"article\" \/>\n<meta property=\"og:title\" content=\"Gi\u00e1 tr\u1ecb c\u1ed1t l\u00f5i - Energy of Harmony\" \/>\n<meta property=\"og:description\" content=\"ENERGY OF HARMONY 01. HI\u1ec6P L\u1ef0C Aikya ki\u1ebfn t\u1ea1o s\u1ee9c m\u1ea1nh t\u1eeb s\u1ef1 hi\u1ec7p l\u1ef1c kinh nghi\u1ec7m, c\u00f4ng ngh\u1ec7 v\u00e0 t\u00e0i nguy\u00ean t\u1eeb c\u00e1c c\u00f4ng ty th\u00e0nh vi\u00ean trong t\u1eadp \u0111o\u00e0n. Ch\u00fang t\u00f4i tin r\u1eb1ng s\u1ef1 h\u1ee3p nh\u1ea5t c\u1ee7a c\u00e1c ngu\u1ed3n l\u1ef1c \u0111a d\u1ea1ng n\u00e0y l\u00e0 ch\u00eca kh\u00f3a \u0111\u1ec3 \u0111\u1ea1t \u0111\u01b0\u1ee3c hi\u1ec7u qu\u1ea3 v\u00e0 s\u00e1ng [&hellip;]\" \/>\n<meta property=\"og:url\" content=\"https:\/\/aikya.vn\/vi\/gia-tri-cot-loi\/\" \/>\n<meta property=\"og:site_name\" content=\"Energy of Harmony\" \/>\n<meta property=\"article:modified_time\" content=\"2025-01-22T21:48:30+00:00\" \/>\n<meta property=\"og:image\" content=\"https:\/\/aikya.vn\/wp-content\/themes\/aikya-theme\/assets\/images\/about-banner.jpg\" \/>\n<meta name=\"twitter:card\" content=\"summary_large_image\" \/>\n<meta name=\"twitter:label1\" content=\"Est. reading time\" \/>\n\t<meta name=\"twitter:data1\" content=\"3 minutes\" \/>\n<script type=\"application\/ld+json\" class=\"yoast-schema-graph\">{\"@context\":\"https:\/\/schema.org\",\"@graph\":[{\"@type\":\"WebPage\",\"@id\":\"https:\/\/aikya.vn\/vi\/gia-tri-cot-loi\/\",\"url\":\"https:\/\/aikya.vn\/vi\/gia-tri-cot-loi\/\",\"name\":\"Gi\u00e1 tr\u1ecb c\u1ed1t l\u00f5i - Energy of Harmony\",\"isPartOf\":{\"@id\":\"http:\/\/47.129.242.163:80\/#website\"},\"primaryImageOfPage\":{\"@id\":\"https:\/\/aikya.vn\/vi\/gia-tri-cot-loi\/#primaryimage\"},\"image\":{\"@id\":\"https:\/\/aikya.vn\/vi\/gia-tri-cot-loi\/#primaryimage\"},\"thumbnailUrl\":\"https:\/\/aikya.vn\/wp-content\/themes\/aikya-theme\/assets\/images\/about-banner.jpg\",\"datePublished\":\"2024-10-09T03:46:32+00:00\",\"dateModified\":\"2025-01-22T21:48:30+00:00\",\"breadcrumb\":{\"@id\":\"https:\/\/aikya.vn\/vi\/gia-tri-cot-loi\/#breadcrumb\"},\"inLanguage\":\"vi-VN\",\"potentialAction\":[{\"@type\":\"ReadAction\",\"target\":[\"https:\/\/aikya.vn\/vi\/gia-tri-cot-loi\/\"]}]},{\"@type\":\"ImageObject\",\"inLanguage\":\"vi-VN\",\"@id\":\"https:\/\/aikya.vn\/vi\/gia-tri-cot-loi\/#primaryimage\",\"url\":\"https:\/\/aikya.vn\/wp-content\/themes\/aikya-theme\/assets\/images\/about-banner.jpg\",\"contentUrl\":\"https:\/\/aikya.vn\/wp-content\/themes\/aikya-theme\/assets\/images\/about-banner.jpg\"},{\"@type\":\"BreadcrumbList\",\"@id\":\"https:\/\/aikya.vn\/vi\/gia-tri-cot-loi\/#breadcrumb\",\"itemListElement\":[{\"@type\":\"ListItem\",\"position\":1,\"name\":\"Home\",\"item\":\"https:\/\/aikya.vn\/vi\/\"},{\"@type\":\"ListItem\",\"position\":2,\"name\":\"Gi\u00e1 tr\u1ecb c\u1ed1t l\u00f5i\"}]},{\"@type\":\"WebSite\",\"@id\":\"http:\/\/47.129.242.163:80\/#website\",\"url\":\"http:\/\/47.129.242.163:80\/\",\"name\":\"Aikya - Energy of Harmony\",\"description\":\"\",\"publisher\":{\"@id\":\"http:\/\/47.129.242.163:80\/#organization\"},\"potentialAction\":[{\"@type\":\"SearchAction\",\"target\":{\"@type\":\"EntryPoint\",\"urlTemplate\":\"http:\/\/47.129.242.163:80\/?s={search_term_string}\"},\"query-input\":{\"@type\":\"PropertyValueSpecification\",\"valueRequired\":true,\"valueName\":\"search_term_string\"}}],\"inLanguage\":\"vi-VN\"},{\"@type\":\"Organization\",\"@id\":\"http:\/\/47.129.242.163:80\/#organization\",\"name\":\"Aikya - Energy of Harmony\",\"url\":\"http:\/\/47.129.242.163:80\/\",\"logo\":{\"@type\":\"ImageObject\",\"inLanguage\":\"vi-VN\",\"@id\":\"http:\/\/47.129.242.163:80\/#\/schema\/logo\/image\/\",\"url\":\"https:\/\/aikya.vn\/wp-content\/uploads\/2024\/10\/aikya-thumbnail.png\",\"contentUrl\":\"https:\/\/aikya.vn\/wp-content\/uploads\/2024\/10\/aikya-thumbnail.png\",\"width\":1200,\"height\":628,\"caption\":\"Aikya - Energy of Harmony\"},\"image\":{\"@id\":\"http:\/\/47.129.242.163:80\/#\/schema\/logo\/image\/\"}}]}<\/script>\n<!-- \/ Yoast SEO plugin. -->","yoast_head_json":{"title":"Gi\u00e1 tr\u1ecb c\u1ed1t l\u00f5i - Energy of Harmony","robots":{"index":"index","follow":"follow","max-snippet":"max-snippet:-1","max-image-preview":"max-image-preview:large","max-video-preview":"max-video-preview:-1"},"canonical":"https:\/\/aikya.vn\/vi\/gia-tri-cot-loi\/","og_locale":"vi_VN","og_type":"article","og_title":"Gi\u00e1 tr\u1ecb c\u1ed1t l\u00f5i - Energy of Harmony","og_description":"ENERGY OF HARMONY 01. HI\u1ec6P L\u1ef0C Aikya ki\u1ebfn t\u1ea1o s\u1ee9c m\u1ea1nh t\u1eeb s\u1ef1 hi\u1ec7p l\u1ef1c kinh nghi\u1ec7m, c\u00f4ng ngh\u1ec7 v\u00e0 t\u00e0i nguy\u00ean t\u1eeb c\u00e1c c\u00f4ng ty th\u00e0nh vi\u00ean trong t\u1eadp \u0111o\u00e0n. Ch\u00fang t\u00f4i tin r\u1eb1ng s\u1ef1 h\u1ee3p nh\u1ea5t c\u1ee7a c\u00e1c ngu\u1ed3n l\u1ef1c \u0111a d\u1ea1ng n\u00e0y l\u00e0 ch\u00eca kh\u00f3a \u0111\u1ec3 \u0111\u1ea1t \u0111\u01b0\u1ee3c hi\u1ec7u qu\u1ea3 v\u00e0 s\u00e1ng [&hellip;]","og_url":"https:\/\/aikya.vn\/vi\/gia-tri-cot-loi\/","og_site_name":"Energy of Harmony","article_modified_time":"2025-01-22T21:48:30+00:00","og_image":[{"url":"https:\/\/aikya.vn\/wp-content\/themes\/aikya-theme\/assets\/images\/about-banner.jpg"}],"twitter_card":"summary_large_image","twitter_misc":{"Est. reading time":"3 minutes"},"schema":{"@context":"https:\/\/schema.org","@graph":[{"@type":"WebPage","@id":"https:\/\/aikya.vn\/vi\/gia-tri-cot-loi\/","url":"https:\/\/aikya.vn\/vi\/gia-tri-cot-loi\/","name":"Gi\u00e1 tr\u1ecb c\u1ed1t l\u00f5i - Energy of Harmony","isPartOf":{"@id":"http:\/\/47.129.242.163:80\/#website"},"primaryImageOfPage":{"@id":"https:\/\/aikya.vn\/vi\/gia-tri-cot-loi\/#primaryimage"},"image":{"@id":"https:\/\/aikya.vn\/vi\/gia-tri-cot-loi\/#primaryimage"},"thumbnailUrl":"https:\/\/aikya.vn\/wp-content\/themes\/aikya-theme\/assets\/images\/about-banner.jpg","datePublished":"2024-10-09T03:46:32+00:00","dateModified":"2025-01-22T21:48:30+00:00","breadcrumb":{"@id":"https:\/\/aikya.vn\/vi\/gia-tri-cot-loi\/#breadcrumb"},"inLanguage":"vi-VN","potentialAction":[{"@type":"ReadAction","target":["https:\/\/aikya.vn\/vi\/gia-tri-cot-loi\/"]}]},{"@type":"ImageObject","inLanguage":"vi-VN","@id":"https:\/\/aikya.vn\/vi\/gia-tri-cot-loi\/#primaryimage","url":"https:\/\/aikya.vn\/wp-content\/themes\/aikya-theme\/assets\/images\/about-banner.jpg","contentUrl":"https:\/\/aikya.vn\/wp-content\/themes\/aikya-theme\/assets\/images\/about-banner.jpg"},{"@type":"BreadcrumbList","@id":"https:\/\/aikya.vn\/vi\/gia-tri-cot-loi\/#breadcrumb","itemListElement":[{"@type":"ListItem","position":1,"name":"Home","item":"https:\/\/aikya.vn\/vi\/"},{"@type":"ListItem","position":2,"name":"Gi\u00e1 tr\u1ecb c\u1ed1t l\u00f5i"}]},{"@type":"WebSite","@id":"http:\/\/47.129.242.163:80\/#website","url":"http:\/\/47.129.242.163:80\/","name":"Aikya - Energy of Harmony","description":"","publisher":{"@id":"http:\/\/47.129.242.163:80\/#organization"},"potentialAction":[{"@type":"SearchAction","target":{"@type":"EntryPoint","urlTemplate":"http:\/\/47.129.242.163:80\/?s={search_term_string}"},"query-input":{"@type":"PropertyValueSpecification","valueRequired":true,"valueName":"search_term_string"}}],"inLanguage":"vi-VN"},{"@type":"Organization","@id":"http:\/\/47.129.242.163:80\/#organization","name":"Aikya - Energy of Harmony","url":"http:\/\/47.129.242.163:80\/","logo":{"@type":"ImageObject","inLanguage":"vi-VN","@id":"http:\/\/47.129.242.163:80\/#\/schema\/logo\/image\/","url":"https:\/\/aikya.vn\/wp-content\/uploads\/2024\/10\/aikya-thumbnail.png","contentUrl":"https:\/\/aikya.vn\/wp-content\/uploads\/2024\/10\/aikya-thumbnail.png","width":1200,"height":628,"caption":"Aikya - Energy of Harmony"},"image":{"@id":"http:\/\/47.129.242.163:80\/#\/schema\/logo\/image\/"}}]}},"_links":{"self":[{"href":"https:\/\/aikya.vn\/vi\/wp-json\/wp\/v2\/pages\/723"}],"collection":[{"href":"https:\/\/aikya.vn\/vi\/wp-json\/wp\/v2\/pages"}],"about":[{"href":"https:\/\/aikya.vn\/vi\/wp-json\/wp\/v2\/types\/page"}],"author":[{"embeddable":true,"href":"https:\/\/aikya.vn\/vi\/wp-json\/wp\/v2\/users\/1"}],"replies":[{"embeddable":true,"href":"https:\/\/aikya.vn\/vi\/wp-json\/wp\/v2\/comments?post=723"}],"version-history":[{"count":30,"href":"https:\/\/aikya.vn\/vi\/wp-json\/wp\/v2\/pages\/723\/revisions"}],"predecessor-version":[{"id":1983,"href":"https:\/\/aikya.vn\/vi\/wp-json\/wp\/v2\/pages\/723\/revisions\/1983"}],"wp:attachment":[{"href":"https:\/\/aikya.vn\/vi\/wp-json\/wp\/v2\/media?parent=723"}],"curies":[{"name":"wp","href":"https:\/\/api.w.org\/{rel}","templated":true}]}}