{"id":719,"date":"2024-10-09T10:45:56","date_gmt":"2024-10-09T03:45:56","guid":{"rendered":"https:\/\/aikya.vn\/?page_id=719"},"modified":"2025-01-23T04:48:59","modified_gmt":"2025-01-22T21:48:59","slug":"tam-nhin-chien-luoc","status":"publish","type":"page","link":"https:\/\/aikya.vn\/vi\/tam-nhin-chien-luoc\/","title":{"rendered":"T\u1ea7m nh\u00ecn chi\u1ebfn l\u01b0\u1ee3c"},"content":{"rendered":"\n<section class=\"wp-block-group page__banner alignfull has-custom-akiya-red-background-color has-background has-global-padding is-layout-constrained wp-container-core-group-is-layout-3 wp-block-group-is-layout-constrained\" style=\"margin-top:0;margin-bottom:0;padding-top:0;padding-right:0;padding-bottom:0;padding-left:0\">\n<figure class=\"wp-block-image size-full hidden banner-image height-100-percent image-left\"><img decoding=\"async\" src=\"https:\/\/aikya.vn\/wp-content\/themes\/aikya-theme\/assets\/images\/about-banner.jpg\" alt=\"\" class=\"wp-image-582\"\/><\/figure>\n\n\n\n<figure class=\"wp-block-video banner-video banner-image height-100-percent image-left\" style=\"margin-top:0;margin-right:0;margin-bottom:0;margin-left:0;padding-top:0;padding-right:0;padding-bottom:0;padding-left:0\"><video autoplay loop muted src=\"http:\/\/aikya.vn\/wp-content\/uploads\/2024\/11\/home-hero.mp4\" playsinline><\/video><\/figure>\n\n\n\n<div class=\"wp-block-group page__banner-content has-global-padding is-layout-constrained wp-block-group-is-layout-constrained\" style=\"padding-top:0;padding-bottom:0\">\n<div class=\"wp-block-columns alignfull is-layout-flex wp-container-core-columns-is-layout-1 wp-block-columns-is-layout-flex\" style=\"padding-top:0;padding-bottom:0\">\n<div class=\"wp-block-column is-layout-flow wp-block-column-is-layout-flow\" style=\"flex-basis:60%\"><\/div>\n\n\n\n<div class=\"wp-block-column has-white-color has-text-color has-link-color wp-elements-b4e2cc29bba51373aa782d93b49bf9f9 is-layout-flow wp-block-column-is-layout-flow\" style=\"padding-top:var(--wp--preset--spacing--70);padding-bottom:var(--wp--preset--spacing--70);padding-left:var(--wp--preset--spacing--60);flex-basis:40%\">\n<figure class=\"wp-block-image size-full animation__fade-up data-aos-animation\"><img decoding=\"async\" src=\"https:\/\/aikya.vn\/wp-content\/themes\/aikya-theme\/assets\/images\/logo-withe-big.png\" alt=\"\" class=\"wp-image-589\"\/><\/figure>\n\n\n\n<div class=\"wp-block-group is-horizontal is-nowrap is-layout-flex wp-container-core-group-is-layout-1 wp-block-group-is-layout-flex\">\n<h1 class=\"wp-block-heading animation__fade-up data-aos-animation\" style=\"font-size:4rem;line-height:0.9\">ENERGY<\/h1>\n\n\n\n<h2 class=\"wp-block-heading\" style=\"font-size:2.5rem\">OF<\/h2>\n<\/div>\n\n\n\n<h1 class=\"wp-block-heading animation__fade-up data-aos-animation\" style=\"margin-top:0;font-size:4rem\">HARMONY<\/h1>\n<\/div>\n<\/div>\n<\/div>\n<\/section>\n\n\n\n<section class=\"wp-block-group page__nav alignfull has-global-padding is-layout-constrained wp-block-group-is-layout-constrained\" style=\"border-bottom-color:var(--wp--preset--color--black);border-bottom-width:1px;margin-top:0;margin-bottom:0\">\n<div class=\"wp-block-group has-global-padding is-layout-constrained wp-block-group-is-layout-constrained\"><nav class=\"items-justified-center wp-block-navigation is-content-justification-center is-layout-flex wp-container-core-navigation-is-layout-1 wp-block-navigation-is-layout-flex\" aria-label=\"About us VN\"><ul class=\"wp-block-navigation__container items-justified-center wp-block-navigation\"><li class=\" wp-block-navigation-item wp-block-navigation-link\"><a class=\"wp-block-navigation-item__content\"  href=\"https:\/\/aikya.vn\/vi\/tong-quan\/\"><span class=\"wp-block-navigation-item__label\">T\u1ed4NG QUAN<\/span><\/a><\/li><li class=\" wp-block-navigation-item wp-block-navigation-link\"><a class=\"wp-block-navigation-item__content\"  href=\"https:\/\/aikya.vn\/vi\/gia-tri-cot-loi\/\"><span class=\"wp-block-navigation-item__label\">GI\u00c1 TR\u1eca C\u1ed0T L\u00d5I<\/span><\/a><\/li><li class=\" wp-block-navigation-item wp-block-navigation-link\"><a class=\"wp-block-navigation-item__content\"  href=\"https:\/\/aikya.vn\/vi\/tam-nhin-chien-luoc\/\"><span class=\"wp-block-navigation-item__label\">T\u1ea6M NH\u00ccN CHI\u1ebeN L\u01af\u1ee2C<\/span><\/a><\/li><li class=\" wp-block-navigation-item wp-block-navigation-link\"><a class=\"wp-block-navigation-item__content\"  href=\"https:\/\/aikya.vn\/vi\/giai-thuong-tieu-bieu\/\"><span class=\"wp-block-navigation-item__label\">GI\u1ea2I TH\u01af\u1edeNG TI\u00caU BI\u1ec2U<\/span><\/a><\/li><li class=\" wp-block-navigation-item wp-block-navigation-link\"><a class=\"wp-block-navigation-item__content\"  href=\"https:\/\/aikya.vn\/vi\/trach-nhiem-xa-hoi\/\"><span class=\"wp-block-navigation-item__label\">TR\u00c1CH NHI\u1ec6M X\u00c3 H\u1ed8I<\/span><\/a><\/li><\/ul><\/nav><\/div>\n<\/section>\n\n\n\n<section class=\"wp-block-group section__tamnhin alignfull has-global-padding is-layout-constrained wp-container-core-group-is-layout-8 wp-block-group-is-layout-constrained has-background\" style=\"margin-top:0;margin-bottom:0;padding-right:var(--wp--preset--spacing--30);padding-left:var(--wp--preset--spacing--30);background-image:url(&#039;https:\/\/aikya.vn\/wp-content\/themes\/aikya-theme\/assets\/images\/tam-nhin-1-bg.png&#039;);background-position:0% 50%;background-size:cover;\">\n<div class=\"wp-block-group has-global-padding is-layout-constrained wp-container-core-group-is-layout-7 wp-block-group-is-layout-constrained\" style=\"padding-right:var(--wp--preset--spacing--30);padding-left:var(--wp--preset--spacing--30)\">\n<div class=\"wp-block-columns animation__fade-up data-aos-animation is-layout-flex wp-container-core-columns-is-layout-2 wp-block-columns-is-layout-flex\" style=\"padding-top:var(--wp--preset--spacing--80);padding-bottom:var(--wp--preset--spacing--80)\">\n<div class=\"wp-block-column is-layout-flow wp-block-column-is-layout-flow\"><\/div>\n\n\n\n<div class=\"wp-block-column data-aos-animation is-layout-flow wp-block-column-is-layout-flow\">\n<div class=\"wp-block-group is-nowrap is-layout-flex wp-container-core-group-is-layout-6 wp-block-group-is-layout-flex\" style=\"margin-top:0;margin-bottom:0\">\n<figure class=\"wp-block-image size-full is-resized\"><img decoding=\"async\" src=\"https:\/\/aikya.vn\/wp-content\/themes\/aikya-theme\/assets\/images\/tag.png\" alt=\"\" class=\"wp-image-809\" style=\"width:70px\"\/><\/figure>\n\n\n\n<h2 class=\"wp-block-heading\" style=\"font-size:1.6rem\">S\u1ee8 M\u1ec6NH<\/h2>\n<\/div>\n\n\n\n<h2 class=\"wp-block-heading has-custom-akiya-red-1-color has-text-color has-link-color wp-elements-b78b5460ec5741c6dc35b8208557c580\" style=\"margin-top:var(--wp--preset--spacing--40);margin-bottom:var(--wp--preset--spacing--40);font-size:3rem\">TH\u00daC \u0110\u1ea8Y S\u1ef0 PH\u00c1T<br>TRI\u1ec2N NG\u00c0NH D\u01af\u1ee2C<\/h2>\n\n\n\n<p class=\"has-custom-akiya-dark-color has-text-color has-link-color wp-elements-16046fcc592e8a14de868ab98af9da68\">Ch\u00fang t\u00f4i cam k\u1ebft th\u00fac \u0111\u1ea9y s\u1ef1 ph\u00e1t tri\u1ec3n c\u1ee7a ng\u00e0nh d\u01b0\u1ee3c ph\u1ea9m b\u1eb1ng c\u00e1ch nghi\u00ean c\u1ee9u, ph\u00e1t tri\u1ec3n v\u00e0 cung c\u1ea5p c\u00e1c s\u1ea3n ph\u1ea9m d\u01b0\u1ee3c ph\u1ea9m ch\u1ea5t l\u01b0\u1ee3ng cao, \u0111\u1ea3m b\u1ea3o kh\u1ea3 n\u0103ng ti\u1ebfp c\u1eadn r\u1ed9ng r\u00e3i cho b\u1ec7nh nh\u00e2n \u1edf m\u1ecdi t\u1ea7ng l\u1edbp thu nh\u1eadp. M\u1ee5c ti\u00eau c\u1ee7a ch\u00fang t\u00f4i l\u00e0 cung c\u1ea5p c\u00e1c gi\u1ea3i ph\u00e1p \u0111i\u1ec1u tr\u1ecb hi\u1ec7u qu\u1ea3, an to\u00e0n v\u00e0 gi\u00e1 c\u1ea3 ph\u1ea3i ch\u0103ng, nh\u1eb1m n\u00e2ng cao ch\u1ea5t l\u01b0\u1ee3ng ch\u0103m s\u00f3c s\u1ee9c kh\u1ecfe v\u00e0 \u0111\u1ea3m b\u1ea3o m\u1ecdi ng\u01b0\u1eddi \u0111\u1ec1u c\u00f3 quy\u1ec1n ti\u1ebfp c\u1eadn c\u00e1c gi\u1ea3i ph\u00e1p y&nbsp;t\u1ebf t\u1ed1t nh\u1ea5t.<\/p>\n<\/div>\n<\/div>\n<\/div>\n<\/section>\n\n\n\n<section class=\"wp-block-group section__tamnhin alignfull has-global-padding is-layout-constrained wp-container-core-group-is-layout-11 wp-block-group-is-layout-constrained has-background\" style=\"margin-top:0;margin-bottom:0;padding-right:var(--wp--preset--spacing--30);padding-left:var(--wp--preset--spacing--30);background-image:url(&#039;https:\/\/aikya.vn\/wp-content\/themes\/aikya-theme\/assets\/images\/tam-nhin-2-bg.png&#039;);background-position:100% 50%;background-size:cover;\">\n<div class=\"wp-block-group has-global-padding is-layout-constrained wp-container-core-group-is-layout-10 wp-block-group-is-layout-constrained\" style=\"padding-right:var(--wp--preset--spacing--30);padding-left:var(--wp--preset--spacing--30)\">\n<div class=\"wp-block-columns is-layout-flex wp-container-core-columns-is-layout-3 wp-block-columns-is-layout-flex\" style=\"padding-top:var(--wp--preset--spacing--80);padding-bottom:var(--wp--preset--spacing--80)\">\n<div class=\"wp-block-column data-aos-animation is-layout-flow wp-block-column-is-layout-flow\">\n<div class=\"wp-block-group is-nowrap is-layout-flex wp-container-core-group-is-layout-9 wp-block-group-is-layout-flex\" style=\"margin-top:0;margin-bottom:0\">\n<figure class=\"wp-block-image size-full is-resized\"><img decoding=\"async\" src=\"https:\/\/aikya.vn\/wp-content\/themes\/aikya-theme\/assets\/images\/tag.png\" alt=\"\" class=\"wp-image-809\" style=\"width:70px\"\/><\/figure>\n\n\n\n<h2 class=\"wp-block-heading\" style=\"font-size:1.6rem\">T\u1ea6M NH\u00ccN<\/h2>\n<\/div>\n\n\n\n<h2 class=\"wp-block-heading has-custom-akiya-red-1-color has-text-color has-link-color wp-elements-ab3e43d07006a9a5a4bff0e1a158087f\" style=\"margin-top:var(--wp--preset--spacing--40);margin-bottom:var(--wp--preset--spacing--40);font-size:2.6rem\">\u0110I \u0110\u1ea6U TRONG \u0110\u1ea6U T\u01af  D\u01af\u1ee2C PH\u1ea8M, \u0110\u01afA NG\u00c0NH D\u01af\u1ee2C PH\u1ea8M VI\u1ec6T NAM V\u01af\u01a0N RA TO\u00c0N TH\u1ebe GI\u1edaI<\/h2>\n\n\n\n<p class=\"has-custom-akiya-dark-color has-text-color has-link-color wp-elements-910a1df8fa9e6eee0dd6b3881dffdc04\">Aikya h\u01b0\u1edbng t\u1edbi vi\u1ec7c tr\u1edf th\u00e0nh c\u00f4ng ty ti\u00ean phong trong l\u0129nh v\u1ef1c \u0111\u1ea7u t\u01b0 d\u01b0\u1ee3c ph\u1ea9m, \u0111\u01b0a ng\u00e0nh d\u01b0\u1ee3c Vi\u1ec7t Nam v\u01b0\u01a1n t\u1ea7m qu\u1ed1c t\u1ebf. Ch\u00fang t\u00f4i cam k\u1ebft m\u1edf r\u1ed9ng \u1ea3nh h\u01b0\u1edfng c\u1ee7a th\u01b0\u01a1ng hi\u1ec7u d\u01b0\u1ee3c ph\u1ea9m Vi\u1ec7t tr\u00ean to\u00e0n c\u1ea7u v\u00e0 thi\u1ebft l\u1eadp m\u1ed1i quan h\u1ec7 l\u00e2u d\u00e0i v\u1edbi c\u00e1c \u0111\u1ed1i t\u00e1c qu\u1ed1c t\u1ebf.<br><br>Aikya n\u1ed7 l\u1ef1c kh\u00f4ng ng\u1eebng trong vi\u1ec7c thi\u1ebft l\u1eadp v\u00e0 duy tr\u00ec c\u00e1c ti\u00eau chu\u1ea9n ch\u1ea5t l\u01b0\u1ee3ng h\u00e0ng \u0111\u1ea7u cho s\u1ea3n ph\u1ea9m d\u01b0\u1ee3c ph\u1ea9m, \u0111\u1ecbnh h\u00ecnh chu\u1ea9n m\u1ef1c m\u1edbi cho ng\u00e0nh v\u00e0 n\u00e2ng cao ch\u1ea5t l\u01b0\u1ee3ng ch\u0103m s\u00f3c s\u1ee9c kh\u1ecfe to\u00e0n c\u1ea7u.<br><br>Ch\u00fang t\u00f4i c\u0169ng cam k\u1ebft th\u00fac \u0111\u1ea9y m\u1ed9t x\u00e3 h\u1ed9i kh\u1ecfe m\u1ea1nh v\u00e0 ph\u00e1t tri\u1ec3n b\u1ec1n v\u1eefng, qua \u0111\u00f3 g\u00f3p ph\u1ea7n n\u00e2ng cao ch\u1ea5t l\u01b0\u1ee3ng cu\u1ed9c s\u1ed1ng v\u00e0 s\u1ef1 ph\u1ed3n th\u1ecbnh c\u1ee7a c\u1ed9ng \u0111\u1ed3ng.<\/p>\n<\/div>\n\n\n\n<div class=\"wp-block-column is-layout-flow wp-block-column-is-layout-flow\"><\/div>\n<\/div>\n<\/div>\n<\/section>\n","protected":false},"excerpt":{"rendered":"<p>ENERGY OF HARMONY S\u1ee8 M\u1ec6NH TH\u00daC \u0110\u1ea8Y S\u1ef0 PH\u00c1TTRI\u1ec2N NG\u00c0NH D\u01af\u1ee2C Ch\u00fang t\u00f4i cam k\u1ebft th\u00fac \u0111\u1ea9y s\u1ef1 ph\u00e1t tri\u1ec3n c\u1ee7a ng\u00e0nh d\u01b0\u1ee3c ph\u1ea9m b\u1eb1ng c\u00e1ch nghi\u00ean c\u1ee9u, ph\u00e1t tri\u1ec3n v\u00e0 cung c\u1ea5p c\u00e1c s\u1ea3n ph\u1ea9m d\u01b0\u1ee3c ph\u1ea9m ch\u1ea5t l\u01b0\u1ee3ng cao, \u0111\u1ea3m b\u1ea3o kh\u1ea3 n\u0103ng ti\u1ebfp c\u1eadn r\u1ed9ng r\u00e3i cho b\u1ec7nh nh\u00e2n \u1edf m\u1ecdi t\u1ea7ng [&hellip;]<\/p>\n","protected":false},"author":1,"featured_media":0,"parent":0,"menu_order":0,"comment_status":"closed","ping_status":"closed","template":"","meta":{"inline_featured_image":false,"footnotes":""},"class_list":["post-719","page","type-page","status-publish","hentry"],"yoast_head":"<!-- This site is optimized with the Yoast SEO plugin v23.7 - https:\/\/yoast.com\/wordpress\/plugins\/seo\/ -->\n<title>T\u1ea7m nh\u00ecn chi\u1ebfn l\u01b0\u1ee3c - Energy of Harmony<\/title>\n<meta name=\"robots\" content=\"index, follow, max-snippet:-1, max-image-preview:large, max-video-preview:-1\" \/>\n<link rel=\"canonical\" href=\"https:\/\/aikya.vn\/vi\/tam-nhin-chien-luoc\/\" \/>\n<meta property=\"og:locale\" content=\"vi_VN\" \/>\n<meta property=\"og:type\" content=\"article\" \/>\n<meta property=\"og:title\" content=\"T\u1ea7m nh\u00ecn chi\u1ebfn l\u01b0\u1ee3c - Energy of Harmony\" \/>\n<meta property=\"og:description\" content=\"ENERGY OF HARMONY S\u1ee8 M\u1ec6NH TH\u00daC \u0110\u1ea8Y S\u1ef0 PH\u00c1TTRI\u1ec2N NG\u00c0NH D\u01af\u1ee2C Ch\u00fang t\u00f4i cam k\u1ebft th\u00fac \u0111\u1ea9y s\u1ef1 ph\u00e1t tri\u1ec3n c\u1ee7a ng\u00e0nh d\u01b0\u1ee3c ph\u1ea9m b\u1eb1ng c\u00e1ch nghi\u00ean c\u1ee9u, ph\u00e1t tri\u1ec3n v\u00e0 cung c\u1ea5p c\u00e1c s\u1ea3n ph\u1ea9m d\u01b0\u1ee3c ph\u1ea9m ch\u1ea5t l\u01b0\u1ee3ng cao, \u0111\u1ea3m b\u1ea3o kh\u1ea3 n\u0103ng ti\u1ebfp c\u1eadn r\u1ed9ng r\u00e3i cho b\u1ec7nh nh\u00e2n \u1edf m\u1ecdi t\u1ea7ng [&hellip;]\" \/>\n<meta property=\"og:url\" content=\"https:\/\/aikya.vn\/vi\/tam-nhin-chien-luoc\/\" \/>\n<meta property=\"og:site_name\" content=\"Energy of Harmony\" \/>\n<meta property=\"article:modified_time\" content=\"2025-01-22T21:48:59+00:00\" \/>\n<meta property=\"og:image\" content=\"https:\/\/aikya.vn\/wp-content\/themes\/aikya-theme\/assets\/images\/about-banner.jpg\" \/>\n<meta name=\"twitter:card\" content=\"summary_large_image\" \/>\n<meta name=\"twitter:label1\" content=\"Est. reading time\" \/>\n\t<meta name=\"twitter:data1\" content=\"2 minutes\" \/>\n<script type=\"application\/ld+json\" class=\"yoast-schema-graph\">{\"@context\":\"https:\/\/schema.org\",\"@graph\":[{\"@type\":\"WebPage\",\"@id\":\"https:\/\/aikya.vn\/vi\/tam-nhin-chien-luoc\/\",\"url\":\"https:\/\/aikya.vn\/vi\/tam-nhin-chien-luoc\/\",\"name\":\"T\u1ea7m nh\u00ecn chi\u1ebfn l\u01b0\u1ee3c - Energy of Harmony\",\"isPartOf\":{\"@id\":\"http:\/\/47.129.242.163:80\/#website\"},\"primaryImageOfPage\":{\"@id\":\"https:\/\/aikya.vn\/vi\/tam-nhin-chien-luoc\/#primaryimage\"},\"image\":{\"@id\":\"https:\/\/aikya.vn\/vi\/tam-nhin-chien-luoc\/#primaryimage\"},\"thumbnailUrl\":\"https:\/\/aikya.vn\/wp-content\/themes\/aikya-theme\/assets\/images\/about-banner.jpg\",\"datePublished\":\"2024-10-09T03:45:56+00:00\",\"dateModified\":\"2025-01-22T21:48:59+00:00\",\"breadcrumb\":{\"@id\":\"https:\/\/aikya.vn\/vi\/tam-nhin-chien-luoc\/#breadcrumb\"},\"inLanguage\":\"vi-VN\",\"potentialAction\":[{\"@type\":\"ReadAction\",\"target\":[\"https:\/\/aikya.vn\/vi\/tam-nhin-chien-luoc\/\"]}]},{\"@type\":\"ImageObject\",\"inLanguage\":\"vi-VN\",\"@id\":\"https:\/\/aikya.vn\/vi\/tam-nhin-chien-luoc\/#primaryimage\",\"url\":\"https:\/\/aikya.vn\/wp-content\/themes\/aikya-theme\/assets\/images\/about-banner.jpg\",\"contentUrl\":\"https:\/\/aikya.vn\/wp-content\/themes\/aikya-theme\/assets\/images\/about-banner.jpg\"},{\"@type\":\"BreadcrumbList\",\"@id\":\"https:\/\/aikya.vn\/vi\/tam-nhin-chien-luoc\/#breadcrumb\",\"itemListElement\":[{\"@type\":\"ListItem\",\"position\":1,\"name\":\"Home\",\"item\":\"https:\/\/aikya.vn\/vi\/\"},{\"@type\":\"ListItem\",\"position\":2,\"name\":\"T\u1ea7m nh\u00ecn chi\u1ebfn l\u01b0\u1ee3c\"}]},{\"@type\":\"WebSite\",\"@id\":\"http:\/\/47.129.242.163:80\/#website\",\"url\":\"http:\/\/47.129.242.163:80\/\",\"name\":\"Aikya - Energy of Harmony\",\"description\":\"\",\"publisher\":{\"@id\":\"http:\/\/47.129.242.163:80\/#organization\"},\"potentialAction\":[{\"@type\":\"SearchAction\",\"target\":{\"@type\":\"EntryPoint\",\"urlTemplate\":\"http:\/\/47.129.242.163:80\/?s={search_term_string}\"},\"query-input\":{\"@type\":\"PropertyValueSpecification\",\"valueRequired\":true,\"valueName\":\"search_term_string\"}}],\"inLanguage\":\"vi-VN\"},{\"@type\":\"Organization\",\"@id\":\"http:\/\/47.129.242.163:80\/#organization\",\"name\":\"Aikya - Energy of Harmony\",\"url\":\"http:\/\/47.129.242.163:80\/\",\"logo\":{\"@type\":\"ImageObject\",\"inLanguage\":\"vi-VN\",\"@id\":\"http:\/\/47.129.242.163:80\/#\/schema\/logo\/image\/\",\"url\":\"https:\/\/aikya.vn\/wp-content\/uploads\/2024\/10\/aikya-thumbnail.png\",\"contentUrl\":\"https:\/\/aikya.vn\/wp-content\/uploads\/2024\/10\/aikya-thumbnail.png\",\"width\":1200,\"height\":628,\"caption\":\"Aikya - Energy of Harmony\"},\"image\":{\"@id\":\"http:\/\/47.129.242.163:80\/#\/schema\/logo\/image\/\"}}]}<\/script>\n<!-- \/ Yoast SEO plugin. -->","yoast_head_json":{"title":"T\u1ea7m nh\u00ecn chi\u1ebfn l\u01b0\u1ee3c - Energy of Harmony","robots":{"index":"index","follow":"follow","max-snippet":"max-snippet:-1","max-image-preview":"max-image-preview:large","max-video-preview":"max-video-preview:-1"},"canonical":"https:\/\/aikya.vn\/vi\/tam-nhin-chien-luoc\/","og_locale":"vi_VN","og_type":"article","og_title":"T\u1ea7m nh\u00ecn chi\u1ebfn l\u01b0\u1ee3c - Energy of Harmony","og_description":"ENERGY OF HARMONY S\u1ee8 M\u1ec6NH TH\u00daC \u0110\u1ea8Y S\u1ef0 PH\u00c1TTRI\u1ec2N NG\u00c0NH D\u01af\u1ee2C Ch\u00fang t\u00f4i cam k\u1ebft th\u00fac \u0111\u1ea9y s\u1ef1 ph\u00e1t tri\u1ec3n c\u1ee7a ng\u00e0nh d\u01b0\u1ee3c ph\u1ea9m b\u1eb1ng c\u00e1ch nghi\u00ean c\u1ee9u, ph\u00e1t tri\u1ec3n v\u00e0 cung c\u1ea5p c\u00e1c s\u1ea3n ph\u1ea9m d\u01b0\u1ee3c ph\u1ea9m ch\u1ea5t l\u01b0\u1ee3ng cao, \u0111\u1ea3m b\u1ea3o kh\u1ea3 n\u0103ng ti\u1ebfp c\u1eadn r\u1ed9ng r\u00e3i cho b\u1ec7nh nh\u00e2n \u1edf m\u1ecdi t\u1ea7ng [&hellip;]","og_url":"https:\/\/aikya.vn\/vi\/tam-nhin-chien-luoc\/","og_site_name":"Energy of Harmony","article_modified_time":"2025-01-22T21:48:59+00:00","og_image":[{"url":"https:\/\/aikya.vn\/wp-content\/themes\/aikya-theme\/assets\/images\/about-banner.jpg"}],"twitter_card":"summary_large_image","twitter_misc":{"Est. reading time":"2 minutes"},"schema":{"@context":"https:\/\/schema.org","@graph":[{"@type":"WebPage","@id":"https:\/\/aikya.vn\/vi\/tam-nhin-chien-luoc\/","url":"https:\/\/aikya.vn\/vi\/tam-nhin-chien-luoc\/","name":"T\u1ea7m nh\u00ecn chi\u1ebfn l\u01b0\u1ee3c - Energy of Harmony","isPartOf":{"@id":"http:\/\/47.129.242.163:80\/#website"},"primaryImageOfPage":{"@id":"https:\/\/aikya.vn\/vi\/tam-nhin-chien-luoc\/#primaryimage"},"image":{"@id":"https:\/\/aikya.vn\/vi\/tam-nhin-chien-luoc\/#primaryimage"},"thumbnailUrl":"https:\/\/aikya.vn\/wp-content\/themes\/aikya-theme\/assets\/images\/about-banner.jpg","datePublished":"2024-10-09T03:45:56+00:00","dateModified":"2025-01-22T21:48:59+00:00","breadcrumb":{"@id":"https:\/\/aikya.vn\/vi\/tam-nhin-chien-luoc\/#breadcrumb"},"inLanguage":"vi-VN","potentialAction":[{"@type":"ReadAction","target":["https:\/\/aikya.vn\/vi\/tam-nhin-chien-luoc\/"]}]},{"@type":"ImageObject","inLanguage":"vi-VN","@id":"https:\/\/aikya.vn\/vi\/tam-nhin-chien-luoc\/#primaryimage","url":"https:\/\/aikya.vn\/wp-content\/themes\/aikya-theme\/assets\/images\/about-banner.jpg","contentUrl":"https:\/\/aikya.vn\/wp-content\/themes\/aikya-theme\/assets\/images\/about-banner.jpg"},{"@type":"BreadcrumbList","@id":"https:\/\/aikya.vn\/vi\/tam-nhin-chien-luoc\/#breadcrumb","itemListElement":[{"@type":"ListItem","position":1,"name":"Home","item":"https:\/\/aikya.vn\/vi\/"},{"@type":"ListItem","position":2,"name":"T\u1ea7m nh\u00ecn chi\u1ebfn l\u01b0\u1ee3c"}]},{"@type":"WebSite","@id":"http:\/\/47.129.242.163:80\/#website","url":"http:\/\/47.129.242.163:80\/","name":"Aikya - Energy of Harmony","description":"","publisher":{"@id":"http:\/\/47.129.242.163:80\/#organization"},"potentialAction":[{"@type":"SearchAction","target":{"@type":"EntryPoint","urlTemplate":"http:\/\/47.129.242.163:80\/?s={search_term_string}"},"query-input":{"@type":"PropertyValueSpecification","valueRequired":true,"valueName":"search_term_string"}}],"inLanguage":"vi-VN"},{"@type":"Organization","@id":"http:\/\/47.129.242.163:80\/#organization","name":"Aikya - Energy of Harmony","url":"http:\/\/47.129.242.163:80\/","logo":{"@type":"ImageObject","inLanguage":"vi-VN","@id":"http:\/\/47.129.242.163:80\/#\/schema\/logo\/image\/","url":"https:\/\/aikya.vn\/wp-content\/uploads\/2024\/10\/aikya-thumbnail.png","contentUrl":"https:\/\/aikya.vn\/wp-content\/uploads\/2024\/10\/aikya-thumbnail.png","width":1200,"height":628,"caption":"Aikya - Energy of Harmony"},"image":{"@id":"http:\/\/47.129.242.163:80\/#\/schema\/logo\/image\/"}}]}},"_links":{"self":[{"href":"https:\/\/aikya.vn\/vi\/wp-json\/wp\/v2\/pages\/719"}],"collection":[{"href":"https:\/\/aikya.vn\/vi\/wp-json\/wp\/v2\/pages"}],"about":[{"href":"https:\/\/aikya.vn\/vi\/wp-json\/wp\/v2\/types\/page"}],"author":[{"embeddable":true,"href":"https:\/\/aikya.vn\/vi\/wp-json\/wp\/v2\/users\/1"}],"replies":[{"embeddable":true,"href":"https:\/\/aikya.vn\/vi\/wp-json\/wp\/v2\/comments?post=719"}],"version-history":[{"count":19,"href":"https:\/\/aikya.vn\/vi\/wp-json\/wp\/v2\/pages\/719\/revisions"}],"predecessor-version":[{"id":1984,"href":"https:\/\/aikya.vn\/vi\/wp-json\/wp\/v2\/pages\/719\/revisions\/1984"}],"wp:attachment":[{"href":"https:\/\/aikya.vn\/vi\/wp-json\/wp\/v2\/media?parent=719"}],"curies":[{"name":"wp","href":"https:\/\/api.w.org\/{rel}","templated":true}]}}