{"id":717,"date":"2024-10-09T10:45:42","date_gmt":"2024-10-09T03:45:42","guid":{"rendered":"https:\/\/aikya.vn\/?page_id=717"},"modified":"2025-04-21T11:39:44","modified_gmt":"2025-04-21T04:39:44","slug":"trach-nhiem-xa-hoi","status":"publish","type":"page","link":"https:\/\/aikya.vn\/vi\/trach-nhiem-xa-hoi\/","title":{"rendered":"Tr\u00e1ch nhi\u1ec7m x\u00e3 h\u1ed9i"},"content":{"rendered":"\n<section class=\"wp-block-group page__banner alignfull has-custom-akiya-red-background-color has-background has-global-padding is-layout-constrained wp-container-core-group-is-layout-3 wp-block-group-is-layout-constrained\" style=\"margin-top:0;margin-bottom:0;padding-top:0;padding-right:0;padding-bottom:0;padding-left:0\">\n<figure class=\"wp-block-image size-full hidden banner-image height-100-percent image-left\"><img decoding=\"async\" src=\"https:\/\/aikya.vn\/wp-content\/themes\/aikya-theme\/assets\/images\/about-banner.jpg\" alt=\"\" class=\"wp-image-582\"\/><\/figure>\n\n\n\n<figure class=\"wp-block-video banner-video banner-image height-100-percent image-left\" style=\"margin-top:0;margin-right:0;margin-bottom:0;margin-left:0;padding-top:0;padding-right:0;padding-bottom:0;padding-left:0\"><video autoplay loop muted src=\"http:\/\/aikya.vn\/wp-content\/uploads\/2024\/11\/home-hero.mp4\" playsinline><\/video><\/figure>\n\n\n\n<div class=\"wp-block-group page__banner-content has-global-padding is-layout-constrained wp-block-group-is-layout-constrained\" style=\"padding-top:0;padding-bottom:0\">\n<div class=\"wp-block-columns alignfull is-layout-flex wp-container-core-columns-is-layout-1 wp-block-columns-is-layout-flex\" style=\"padding-top:0;padding-bottom:0\">\n<div class=\"wp-block-column is-layout-flow wp-block-column-is-layout-flow\" style=\"flex-basis:60%\"><\/div>\n\n\n\n<div class=\"wp-block-column has-white-color has-text-color has-link-color wp-elements-b4e2cc29bba51373aa782d93b49bf9f9 is-layout-flow wp-block-column-is-layout-flow\" style=\"padding-top:var(--wp--preset--spacing--70);padding-bottom:var(--wp--preset--spacing--70);padding-left:var(--wp--preset--spacing--60);flex-basis:40%\">\n<figure class=\"wp-block-image size-full animation__fade-up data-aos-animation\"><img decoding=\"async\" src=\"https:\/\/aikya.vn\/wp-content\/themes\/aikya-theme\/assets\/images\/logo-withe-big.png\" alt=\"\" class=\"wp-image-589\"\/><\/figure>\n\n\n\n<div class=\"wp-block-group is-horizontal is-nowrap is-layout-flex wp-container-core-group-is-layout-1 wp-block-group-is-layout-flex\">\n<h1 class=\"wp-block-heading animation__fade-up data-aos-animation\" style=\"font-size:4rem;line-height:0.9\">ENERGY<\/h1>\n\n\n\n<h2 class=\"wp-block-heading\" style=\"font-size:2.5rem\">OF<\/h2>\n<\/div>\n\n\n\n<h1 class=\"wp-block-heading animation__fade-up data-aos-animation\" style=\"margin-top:0;font-size:4rem\">HARMONY<\/h1>\n<\/div>\n<\/div>\n<\/div>\n<\/section>\n\n\n\n<section class=\"wp-block-group page__nav alignfull has-global-padding is-layout-constrained wp-block-group-is-layout-constrained\" style=\"border-bottom-color:var(--wp--preset--color--black);border-bottom-width:1px;margin-top:0;margin-bottom:0;padding-top:0;padding-bottom:0\">\n<div class=\"wp-block-group has-global-padding is-layout-constrained wp-block-group-is-layout-constrained\"><nav class=\"items-justified-center wp-block-navigation is-content-justification-center is-layout-flex wp-container-core-navigation-is-layout-1 wp-block-navigation-is-layout-flex\" aria-label=\"About us VN\"><ul class=\"wp-block-navigation__container items-justified-center wp-block-navigation\"><li class=\" wp-block-navigation-item wp-block-navigation-link\"><a class=\"wp-block-navigation-item__content\"  href=\"https:\/\/aikya.vn\/vi\/tong-quan\/\"><span class=\"wp-block-navigation-item__label\">T\u1ed4NG QUAN<\/span><\/a><\/li><li class=\" wp-block-navigation-item wp-block-navigation-link\"><a class=\"wp-block-navigation-item__content\"  href=\"https:\/\/aikya.vn\/vi\/gia-tri-cot-loi\/\"><span class=\"wp-block-navigation-item__label\">GI\u00c1 TR\u1eca C\u1ed0T L\u00d5I<\/span><\/a><\/li><li class=\" wp-block-navigation-item wp-block-navigation-link\"><a class=\"wp-block-navigation-item__content\"  href=\"https:\/\/aikya.vn\/vi\/tam-nhin-chien-luoc\/\"><span class=\"wp-block-navigation-item__label\">T\u1ea6M NH\u00ccN CHI\u1ebeN L\u01af\u1ee2C<\/span><\/a><\/li><li class=\" wp-block-navigation-item wp-block-navigation-link\"><a class=\"wp-block-navigation-item__content\"  href=\"https:\/\/aikya.vn\/vi\/giai-thuong-tieu-bieu\/\"><span class=\"wp-block-navigation-item__label\">GI\u1ea2I TH\u01af\u1edeNG TI\u00caU BI\u1ec2U<\/span><\/a><\/li><li class=\" wp-block-navigation-item wp-block-navigation-link\"><a class=\"wp-block-navigation-item__content\"  href=\"https:\/\/aikya.vn\/vi\/trach-nhiem-xa-hoi\/\"><span class=\"wp-block-navigation-item__label\">TR\u00c1CH NHI\u1ec6M X\u00c3 H\u1ed8I<\/span><\/a><\/li><\/ul><\/nav><\/div>\n<\/section>\n\n\n\n<section class=\"wp-block-group section__trachnhiem has-global-padding is-layout-constrained wp-container-core-group-is-layout-6 wp-block-group-is-layout-constrained\" style=\"padding-top:var(--wp--preset--spacing--30);padding-right:var(--wp--preset--spacing--30);padding-bottom:var(--wp--preset--spacing--80);padding-left:var(--wp--preset--spacing--30)\">\n<div class=\"wp-block-columns is-layout-flex wp-container-core-columns-is-layout-2 wp-block-columns-is-layout-flex\">\n<div class=\"wp-block-column is-layout-flow wp-block-column-is-layout-flow\">\n<h3 class=\"wp-block-heading data-aos-animation has-custom-akiya-red-1-color has-text-color has-link-color wp-elements-ff5ab01697be9c600e2ff19ca84d62a9\" style=\"font-size:2rem\">TR\u00c1CH NHI\u1ec6M X\u00c3 H\u1ed8I<\/h3>\n\n\n\n<h2 class=\"wp-block-heading data-aos-animation has-custom-akiya-red-1-color has-text-color has-link-color wp-elements-805c23d386a438b2898a680c925463eb\" style=\"margin-top:var(--wp--preset--spacing--20);margin-bottom:var(--wp--preset--spacing--20);font-size:3.5rem\">M\u1ed8T CAM K\u1ebeT<br>KH\u00d4NG NG\u1eeaNG<\/h2>\n\n\n\n<p class=\"data-aos-animation has-custom-akiya-dark-color has-text-color has-link-color wp-elements-e77d709e64f4e429356fd05fd86eb806\">T\u1ea1i Aikya, tr\u00e1ch nhi\u1ec7m x\u00e3 h\u1ed9i l\u00e0 m\u1ed9t ph\u1ea7n kh\u00f4ng th\u1ec3 t\u00e1ch r\u1eddi t\u1eeb s\u1ee9 m\u1ec7nh c\u1ee7a ch\u00fang t\u00f4i. Ch\u00fang t\u00f4i kh\u00f4ng ch\u1ec9 t\u1eadp trung v\u00e0o vi\u1ec7c cung c\u1ea5p c\u00e1c s\u1ea3n ph\u1ea9m d\u01b0\u1ee3c ph\u1ea9m ch\u1ea5t l\u01b0\u1ee3ng cao m\u00e0 c\u00f2n cam k\u1ebft th\u1ef1c hi\u1ec7n c\u00e1c ho\u1ea1t \u0111\u1ed9ng c\u00f3 \u00fd ngh\u0129a, nh\u1eb1m n\u00e2ng cao ch\u1ea5t l\u01b0\u1ee3ng cu\u1ed9c s\u1ed1ng v\u00e0 s\u1ee9c kh\u1ecfe c\u1ed9ng \u0111\u1ed3ng. <strong>Aikya t\u00edch c\u1ef1c tham gia v\u00e0o c\u00e1c s\u00e1ng ki\u1ebfn h\u1ed7 tr\u1ee3 c\u1ed9ng \u0111\u1ed3ng, t\u1eeb ph\u00e2n ph\u1ed1i mi\u1ec5n ph\u00ed kh\u1ea9u trang v\u00e0 thi\u1ebft b\u1ecb y t\u1ebf cho c\u00e1c b\u1ec7nh vi\u1ec7n \u0111\u1ebfn vi\u1ec7c t\u00e0i tr\u1ee3 cho c\u00e1c ch\u01b0\u01a1ng tr\u00ecnh y t\u1ebf gi\u00e1o d\u1ee5c.<\/strong><\/p>\n\n\n\n<p class=\"data-aos-animation has-custom-akiya-dark-color has-text-color has-link-color wp-elements-2132eee9daa36f78883396d8e590abd3\" style=\"margin-top:0;margin-bottom:0;padding-top:0;padding-bottom:0\"><br>Ch\u00fang t\u00f4i c\u00f2n \u0111\u1ea7u t\u01b0 v\u00e0o vi\u1ec7c ph\u00e1t tri\u1ec3n d\u01b0\u1ee3c li\u1ec7u, h\u1ed7 tr\u1ee3 c\u00e1c t\u1ed5 ch\u1ee9c y t\u1ebf \u0111\u1ecba ph\u01b0\u01a1ng, qua \u0111\u00f3 kh\u00f4ng ch\u1ec9 g\u00f3p ph\u1ea7n c\u1ea3i thi\u1ec7n s\u1ee9c kh\u1ecfe m\u00e0 c\u00f2n khuy\u1ebfn kh\u00edch ph\u00e1t tri\u1ec3n b\u1ec1n v\u1eefng trong c\u1ed9ng \u0111\u1ed3ng. Tr\u00e1i tim c\u1ee7a Aikya lu\u00f4n h\u01b0\u1edbng v\u1ec1 vi\u1ec7c x\u00e2y d\u1ef1ng m\u1ed9t t\u01b0\u01a1ng lai kh\u1ecfe m\u1ea1nh v\u00e0 th\u1ecbnh v\u01b0\u1ee3ng cho m\u1ecdi ng\u01b0\u1eddi.<\/p>\n<\/div>\n\n\n\n<div class=\"wp-block-column is-vertically-aligned-center is-layout-flow wp-block-column-is-layout-flow\">\n<figure class=\"wp-block-gallery aligncenter has-nested-images columns-default is-cropped wp-block-gallery-1 is-layout-flex wp-block-gallery-is-layout-flex\">\n<figure class=\"wp-block-image size-full data-aos-animation aos-fade-left\"><img loading=\"lazy\" decoding=\"async\" width=\"1280\" height=\"960\" src=\"https:\/\/aikya.vn\/wp-content\/uploads\/2024\/11\/Hinh-2-1.jpg\" alt=\"\" class=\"wp-image-1592\" srcset=\"https:\/\/aikya.vn\/wp-content\/uploads\/2024\/11\/Hinh-2-1.jpg 1280w, https:\/\/aikya.vn\/wp-content\/uploads\/2024\/11\/Hinh-2-1-300x225.jpg 300w, https:\/\/aikya.vn\/wp-content\/uploads\/2024\/11\/Hinh-2-1-1024x768.jpg 1024w, https:\/\/aikya.vn\/wp-content\/uploads\/2024\/11\/Hinh-2-1-768x576.jpg 768w\" sizes=\"(max-width: 1280px) 100vw, 1280px\" \/><\/figure>\n\n\n\n<figure class=\"wp-block-image size-full data-aos-animation aos-fade-left\"><img loading=\"lazy\" decoding=\"async\" width=\"2560\" height=\"1440\" src=\"https:\/\/aikya.vn\/wp-content\/uploads\/2024\/11\/Hinh-1-2.jpg\" alt=\"\" class=\"wp-image-1571\" srcset=\"https:\/\/aikya.vn\/wp-content\/uploads\/2024\/11\/Hinh-1-2.jpg 2560w, https:\/\/aikya.vn\/wp-content\/uploads\/2024\/11\/Hinh-1-2-300x169.jpg 300w, https:\/\/aikya.vn\/wp-content\/uploads\/2024\/11\/Hinh-1-2-1024x576.jpg 1024w, https:\/\/aikya.vn\/wp-content\/uploads\/2024\/11\/Hinh-1-2-768x432.jpg 768w, https:\/\/aikya.vn\/wp-content\/uploads\/2024\/11\/Hinh-1-2-1536x864.jpg 1536w, https:\/\/aikya.vn\/wp-content\/uploads\/2024\/11\/Hinh-1-2-2048x1152.jpg 2048w\" sizes=\"(max-width: 2560px) 100vw, 2560px\" \/><\/figure>\n<\/figure>\n\n\n\n<figure class=\"wp-block-gallery aligncenter has-nested-images columns-default is-cropped wp-block-gallery-2 is-layout-flex wp-block-gallery-is-layout-flex\">\n<figure class=\"wp-block-image size-full\"><img loading=\"lazy\" decoding=\"async\" width=\"2560\" height=\"1707\" src=\"https:\/\/aikya.vn\/wp-content\/uploads\/2024\/11\/Hinh-2-5-scaled.jpg\" alt=\"\" class=\"wp-image-1643\" srcset=\"https:\/\/aikya.vn\/wp-content\/uploads\/2024\/11\/Hinh-2-5-scaled.jpg 2560w, https:\/\/aikya.vn\/wp-content\/uploads\/2024\/11\/Hinh-2-5-300x200.jpg 300w, https:\/\/aikya.vn\/wp-content\/uploads\/2024\/11\/Hinh-2-5-1024x683.jpg 1024w, https:\/\/aikya.vn\/wp-content\/uploads\/2024\/11\/Hinh-2-5-768x512.jpg 768w, https:\/\/aikya.vn\/wp-content\/uploads\/2024\/11\/Hinh-2-5-1536x1024.jpg 1536w, https:\/\/aikya.vn\/wp-content\/uploads\/2024\/11\/Hinh-2-5-2048x1365.jpg 2048w\" sizes=\"(max-width: 2560px) 100vw, 2560px\" \/><\/figure>\n<\/figure>\n<\/div>\n<\/div>\n<\/section>\n","protected":false},"excerpt":{"rendered":"<p>ENERGY OF HARMONY TR\u00c1CH NHI\u1ec6M X\u00c3 H\u1ed8I M\u1ed8T CAM K\u1ebeTKH\u00d4NG NG\u1eeaNG T\u1ea1i Aikya, tr\u00e1ch nhi\u1ec7m x\u00e3 h\u1ed9i l\u00e0 m\u1ed9t ph\u1ea7n kh\u00f4ng th\u1ec3 t\u00e1ch r\u1eddi t\u1eeb s\u1ee9 m\u1ec7nh c\u1ee7a ch\u00fang t\u00f4i. Ch\u00fang t\u00f4i kh\u00f4ng ch\u1ec9 t\u1eadp trung v\u00e0o vi\u1ec7c cung c\u1ea5p c\u00e1c s\u1ea3n ph\u1ea9m d\u01b0\u1ee3c ph\u1ea9m ch\u1ea5t l\u01b0\u1ee3ng cao m\u00e0 c\u00f2n cam k\u1ebft th\u1ef1c hi\u1ec7n c\u00e1c [&hellip;]<\/p>\n","protected":false},"author":1,"featured_media":0,"parent":0,"menu_order":0,"comment_status":"closed","ping_status":"closed","template":"","meta":{"inline_featured_image":false,"footnotes":""},"class_list":["post-717","page","type-page","status-publish","hentry"],"yoast_head":"<!-- This site is optimized with the Yoast SEO plugin v23.7 - https:\/\/yoast.com\/wordpress\/plugins\/seo\/ -->\n<title>Tr\u00e1ch nhi\u1ec7m x\u00e3 h\u1ed9i - Energy of Harmony<\/title>\n<meta name=\"robots\" content=\"index, follow, max-snippet:-1, max-image-preview:large, max-video-preview:-1\" \/>\n<link rel=\"canonical\" href=\"https:\/\/aikya.vn\/vi\/trach-nhiem-xa-hoi\/\" \/>\n<meta property=\"og:locale\" content=\"vi_VN\" \/>\n<meta property=\"og:type\" content=\"article\" \/>\n<meta property=\"og:title\" content=\"Tr\u00e1ch nhi\u1ec7m x\u00e3 h\u1ed9i - Energy of Harmony\" \/>\n<meta property=\"og:description\" content=\"ENERGY OF HARMONY TR\u00c1CH NHI\u1ec6M X\u00c3 H\u1ed8I M\u1ed8T CAM K\u1ebeTKH\u00d4NG NG\u1eeaNG T\u1ea1i Aikya, tr\u00e1ch nhi\u1ec7m x\u00e3 h\u1ed9i l\u00e0 m\u1ed9t ph\u1ea7n kh\u00f4ng th\u1ec3 t\u00e1ch r\u1eddi t\u1eeb s\u1ee9 m\u1ec7nh c\u1ee7a ch\u00fang t\u00f4i. Ch\u00fang t\u00f4i kh\u00f4ng ch\u1ec9 t\u1eadp trung v\u00e0o vi\u1ec7c cung c\u1ea5p c\u00e1c s\u1ea3n ph\u1ea9m d\u01b0\u1ee3c ph\u1ea9m ch\u1ea5t l\u01b0\u1ee3ng cao m\u00e0 c\u00f2n cam k\u1ebft th\u1ef1c hi\u1ec7n c\u00e1c [&hellip;]\" \/>\n<meta property=\"og:url\" content=\"https:\/\/aikya.vn\/vi\/trach-nhiem-xa-hoi\/\" \/>\n<meta property=\"og:site_name\" content=\"Energy of Harmony\" \/>\n<meta property=\"article:modified_time\" content=\"2025-04-21T04:39:44+00:00\" \/>\n<meta property=\"og:image\" content=\"https:\/\/aikya.vn\/wp-content\/themes\/aikya-theme\/assets\/images\/about-banner.jpg\" \/>\n<meta name=\"twitter:card\" content=\"summary_large_image\" \/>\n<meta name=\"twitter:label1\" content=\"Est. reading time\" \/>\n\t<meta name=\"twitter:data1\" content=\"2 minutes\" \/>\n<script type=\"application\/ld+json\" class=\"yoast-schema-graph\">{\"@context\":\"https:\/\/schema.org\",\"@graph\":[{\"@type\":\"WebPage\",\"@id\":\"https:\/\/aikya.vn\/vi\/trach-nhiem-xa-hoi\/\",\"url\":\"https:\/\/aikya.vn\/vi\/trach-nhiem-xa-hoi\/\",\"name\":\"Tr\u00e1ch nhi\u1ec7m x\u00e3 h\u1ed9i - Energy of Harmony\",\"isPartOf\":{\"@id\":\"https:\/\/aikya.vn\/vi\/#website\"},\"primaryImageOfPage\":{\"@id\":\"https:\/\/aikya.vn\/vi\/trach-nhiem-xa-hoi\/#primaryimage\"},\"image\":{\"@id\":\"https:\/\/aikya.vn\/vi\/trach-nhiem-xa-hoi\/#primaryimage\"},\"thumbnailUrl\":\"https:\/\/aikya.vn\/wp-content\/themes\/aikya-theme\/assets\/images\/about-banner.jpg\",\"datePublished\":\"2024-10-09T03:45:42+00:00\",\"dateModified\":\"2025-04-21T04:39:44+00:00\",\"breadcrumb\":{\"@id\":\"https:\/\/aikya.vn\/vi\/trach-nhiem-xa-hoi\/#breadcrumb\"},\"inLanguage\":\"vi-VN\",\"potentialAction\":[{\"@type\":\"ReadAction\",\"target\":[\"https:\/\/aikya.vn\/vi\/trach-nhiem-xa-hoi\/\"]}]},{\"@type\":\"ImageObject\",\"inLanguage\":\"vi-VN\",\"@id\":\"https:\/\/aikya.vn\/vi\/trach-nhiem-xa-hoi\/#primaryimage\",\"url\":\"https:\/\/aikya.vn\/wp-content\/themes\/aikya-theme\/assets\/images\/about-banner.jpg\",\"contentUrl\":\"https:\/\/aikya.vn\/wp-content\/themes\/aikya-theme\/assets\/images\/about-banner.jpg\"},{\"@type\":\"BreadcrumbList\",\"@id\":\"https:\/\/aikya.vn\/vi\/trach-nhiem-xa-hoi\/#breadcrumb\",\"itemListElement\":[{\"@type\":\"ListItem\",\"position\":1,\"name\":\"Home\",\"item\":\"https:\/\/aikya.vn\/vi\/\"},{\"@type\":\"ListItem\",\"position\":2,\"name\":\"Tr\u00e1ch nhi\u1ec7m x\u00e3 h\u1ed9i\"}]},{\"@type\":\"WebSite\",\"@id\":\"https:\/\/aikya.vn\/vi\/#website\",\"url\":\"https:\/\/aikya.vn\/vi\/\",\"name\":\"Aikya - Energy of Harmony\",\"description\":\"\",\"publisher\":{\"@id\":\"https:\/\/aikya.vn\/vi\/#organization\"},\"potentialAction\":[{\"@type\":\"SearchAction\",\"target\":{\"@type\":\"EntryPoint\",\"urlTemplate\":\"https:\/\/aikya.vn\/vi\/?s={search_term_string}\"},\"query-input\":{\"@type\":\"PropertyValueSpecification\",\"valueRequired\":true,\"valueName\":\"search_term_string\"}}],\"inLanguage\":\"vi-VN\"},{\"@type\":\"Organization\",\"@id\":\"https:\/\/aikya.vn\/vi\/#organization\",\"name\":\"Aikya - Energy of Harmony\",\"url\":\"https:\/\/aikya.vn\/vi\/\",\"logo\":{\"@type\":\"ImageObject\",\"inLanguage\":\"vi-VN\",\"@id\":\"https:\/\/aikya.vn\/vi\/#\/schema\/logo\/image\/\",\"url\":\"https:\/\/aikya.vn\/wp-content\/uploads\/2024\/10\/aikya-thumbnail.png\",\"contentUrl\":\"https:\/\/aikya.vn\/wp-content\/uploads\/2024\/10\/aikya-thumbnail.png\",\"width\":1200,\"height\":628,\"caption\":\"Aikya - Energy of Harmony\"},\"image\":{\"@id\":\"https:\/\/aikya.vn\/vi\/#\/schema\/logo\/image\/\"}}]}<\/script>\n<!-- \/ Yoast SEO plugin. -->","yoast_head_json":{"title":"Tr\u00e1ch nhi\u1ec7m x\u00e3 h\u1ed9i - Energy of Harmony","robots":{"index":"index","follow":"follow","max-snippet":"max-snippet:-1","max-image-preview":"max-image-preview:large","max-video-preview":"max-video-preview:-1"},"canonical":"https:\/\/aikya.vn\/vi\/trach-nhiem-xa-hoi\/","og_locale":"vi_VN","og_type":"article","og_title":"Tr\u00e1ch nhi\u1ec7m x\u00e3 h\u1ed9i - Energy of Harmony","og_description":"ENERGY OF HARMONY TR\u00c1CH NHI\u1ec6M X\u00c3 H\u1ed8I M\u1ed8T CAM K\u1ebeTKH\u00d4NG NG\u1eeaNG T\u1ea1i Aikya, tr\u00e1ch nhi\u1ec7m x\u00e3 h\u1ed9i l\u00e0 m\u1ed9t ph\u1ea7n kh\u00f4ng th\u1ec3 t\u00e1ch r\u1eddi t\u1eeb s\u1ee9 m\u1ec7nh c\u1ee7a ch\u00fang t\u00f4i. Ch\u00fang t\u00f4i kh\u00f4ng ch\u1ec9 t\u1eadp trung v\u00e0o vi\u1ec7c cung c\u1ea5p c\u00e1c s\u1ea3n ph\u1ea9m d\u01b0\u1ee3c ph\u1ea9m ch\u1ea5t l\u01b0\u1ee3ng cao m\u00e0 c\u00f2n cam k\u1ebft th\u1ef1c hi\u1ec7n c\u00e1c [&hellip;]","og_url":"https:\/\/aikya.vn\/vi\/trach-nhiem-xa-hoi\/","og_site_name":"Energy of Harmony","article_modified_time":"2025-04-21T04:39:44+00:00","og_image":[{"url":"https:\/\/aikya.vn\/wp-content\/themes\/aikya-theme\/assets\/images\/about-banner.jpg"}],"twitter_card":"summary_large_image","twitter_misc":{"Est. reading time":"2 minutes"},"schema":{"@context":"https:\/\/schema.org","@graph":[{"@type":"WebPage","@id":"https:\/\/aikya.vn\/vi\/trach-nhiem-xa-hoi\/","url":"https:\/\/aikya.vn\/vi\/trach-nhiem-xa-hoi\/","name":"Tr\u00e1ch nhi\u1ec7m x\u00e3 h\u1ed9i - Energy of Harmony","isPartOf":{"@id":"https:\/\/aikya.vn\/vi\/#website"},"primaryImageOfPage":{"@id":"https:\/\/aikya.vn\/vi\/trach-nhiem-xa-hoi\/#primaryimage"},"image":{"@id":"https:\/\/aikya.vn\/vi\/trach-nhiem-xa-hoi\/#primaryimage"},"thumbnailUrl":"https:\/\/aikya.vn\/wp-content\/themes\/aikya-theme\/assets\/images\/about-banner.jpg","datePublished":"2024-10-09T03:45:42+00:00","dateModified":"2025-04-21T04:39:44+00:00","breadcrumb":{"@id":"https:\/\/aikya.vn\/vi\/trach-nhiem-xa-hoi\/#breadcrumb"},"inLanguage":"vi-VN","potentialAction":[{"@type":"ReadAction","target":["https:\/\/aikya.vn\/vi\/trach-nhiem-xa-hoi\/"]}]},{"@type":"ImageObject","inLanguage":"vi-VN","@id":"https:\/\/aikya.vn\/vi\/trach-nhiem-xa-hoi\/#primaryimage","url":"https:\/\/aikya.vn\/wp-content\/themes\/aikya-theme\/assets\/images\/about-banner.jpg","contentUrl":"https:\/\/aikya.vn\/wp-content\/themes\/aikya-theme\/assets\/images\/about-banner.jpg"},{"@type":"BreadcrumbList","@id":"https:\/\/aikya.vn\/vi\/trach-nhiem-xa-hoi\/#breadcrumb","itemListElement":[{"@type":"ListItem","position":1,"name":"Home","item":"https:\/\/aikya.vn\/vi\/"},{"@type":"ListItem","position":2,"name":"Tr\u00e1ch nhi\u1ec7m x\u00e3 h\u1ed9i"}]},{"@type":"WebSite","@id":"https:\/\/aikya.vn\/vi\/#website","url":"https:\/\/aikya.vn\/vi\/","name":"Aikya - Energy of Harmony","description":"","publisher":{"@id":"https:\/\/aikya.vn\/vi\/#organization"},"potentialAction":[{"@type":"SearchAction","target":{"@type":"EntryPoint","urlTemplate":"https:\/\/aikya.vn\/vi\/?s={search_term_string}"},"query-input":{"@type":"PropertyValueSpecification","valueRequired":true,"valueName":"search_term_string"}}],"inLanguage":"vi-VN"},{"@type":"Organization","@id":"https:\/\/aikya.vn\/vi\/#organization","name":"Aikya - Energy of Harmony","url":"https:\/\/aikya.vn\/vi\/","logo":{"@type":"ImageObject","inLanguage":"vi-VN","@id":"https:\/\/aikya.vn\/vi\/#\/schema\/logo\/image\/","url":"https:\/\/aikya.vn\/wp-content\/uploads\/2024\/10\/aikya-thumbnail.png","contentUrl":"https:\/\/aikya.vn\/wp-content\/uploads\/2024\/10\/aikya-thumbnail.png","width":1200,"height":628,"caption":"Aikya - Energy of Harmony"},"image":{"@id":"https:\/\/aikya.vn\/vi\/#\/schema\/logo\/image\/"}}]}},"_links":{"self":[{"href":"https:\/\/aikya.vn\/vi\/wp-json\/wp\/v2\/pages\/717"}],"collection":[{"href":"https:\/\/aikya.vn\/vi\/wp-json\/wp\/v2\/pages"}],"about":[{"href":"https:\/\/aikya.vn\/vi\/wp-json\/wp\/v2\/types\/page"}],"author":[{"embeddable":true,"href":"https:\/\/aikya.vn\/vi\/wp-json\/wp\/v2\/users\/1"}],"replies":[{"embeddable":true,"href":"https:\/\/aikya.vn\/vi\/wp-json\/wp\/v2\/comments?post=717"}],"version-history":[{"count":13,"href":"https:\/\/aikya.vn\/vi\/wp-json\/wp\/v2\/pages\/717\/revisions"}],"predecessor-version":[{"id":2462,"href":"https:\/\/aikya.vn\/vi\/wp-json\/wp\/v2\/pages\/717\/revisions\/2462"}],"wp:attachment":[{"href":"https:\/\/aikya.vn\/vi\/wp-json\/wp\/v2\/media?parent=717"}],"curies":[{"name":"wp","href":"https:\/\/api.w.org\/{rel}","templated":true}]}}