{"id":1106,"date":"2024-10-31T11:13:01","date_gmt":"2024-10-31T04:13:01","guid":{"rendered":"https:\/\/aikya.vn\/?page_id=1106"},"modified":"2024-12-02T15:19:20","modified_gmt":"2024-12-02T08:19:20","slug":"lien-he","status":"publish","type":"page","link":"https:\/\/aikya.vn\/vi\/lien-he\/","title":{"rendered":"Li\u00ean H\u1ec7"},"content":{"rendered":"\n<section class=\"wp-block-group page__banner alignfull has-custom-akiya-red-background-color has-background has-global-padding is-layout-constrained wp-container-core-group-is-layout-2 wp-block-group-is-layout-constrained\" style=\"margin-top:0;margin-bottom:0;padding-top:var(--wp--preset--spacing--80);padding-right:0;padding-bottom:var(--wp--preset--spacing--80);padding-left:0;background-image:url(&#039;https:\/\/aikya.vn\/wp-content\/themes\/aikya-theme\/assets\/images\/contact-bg.jpg&#039;);background-position:50% 0;background-size:cover;\">\n<div class=\"wp-block-group page__banner-content has-global-padding is-layout-constrained wp-container-core-group-is-layout-1 wp-block-group-is-layout-constrained\" style=\"padding-top:0;padding-right:var(--wp--preset--spacing--50);padding-bottom:0;padding-left:var(--wp--preset--spacing--50)\">\n<div class=\"wp-block-columns is-layout-flex wp-container-core-columns-is-layout-1 wp-block-columns-is-layout-flex\" style=\"margin-top:0;margin-bottom:0;padding-top:0;padding-right:0;padding-bottom:0;padding-left:0\">\n<div class=\"wp-block-column has-white-color has-text-color has-link-color wp-elements-cb6238bd161b90ec6de36449d4188282 is-layout-flow wp-block-column-is-layout-flow\" style=\"padding-top:var(--wp--preset--spacing--70);padding-right:0;padding-bottom:var(--wp--preset--spacing--70);padding-left:0;flex-basis:50%\">\n<h1 class=\"wp-block-heading animation__fade-up data-aos-animation\" style=\"margin-top:0;font-size:4rem;font-style:normal;font-weight:700\">TH\u00d4NG TIN LI\u00caN H\u1ec6<\/h1>\n<\/div>\n\n\n\n<div class=\"wp-block-column is-layout-flow wp-block-column-is-layout-flow\" style=\"flex-basis:50%\"><\/div>\n<\/div>\n<\/div>\n<\/section>\n\n\n\n<div class=\"wp-block-group section__contactinfo has-global-padding is-layout-constrained wp-block-group-is-layout-constrained\">\n<div class=\"wp-block-columns is-layout-flex wp-container-core-columns-is-layout-2 wp-block-columns-is-layout-flex\">\n<div class=\"wp-block-column is-layout-flow wp-block-column-is-layout-flow\" style=\"flex-basis:30%\">\n<h1 class=\"wp-block-heading animation__fade-up data-aos-animation has-custom-akiya-red-1-color has-text-color has-link-color wp-elements-4c59f6aaf2b17bfbadd7d892e154e8af\" style=\"margin-top:0;font-size:3rem;font-style:normal;font-weight:700\">LI\u00caN H\u1ec6<br>V\u1edaI CH\u00daNG T\u00d4I<\/h1>\n<\/div>\n\n\n\n<div class=\"wp-block-column is-layout-flow wp-block-column-is-layout-flow\" style=\"flex-basis:50%\">\n<div class=\"wp-block-group is-nowrap is-layout-flex wp-container-core-group-is-layout-3 wp-block-group-is-layout-flex\">\n<figure class=\"wp-block-image size-large is-resized icon\"><img decoding=\"async\" src=\"https:\/\/aikya.vn\/wp-content\/themes\/aikya-theme\/assets\/images\/icon-address-black.png\" alt=\"\" style=\"width:23px\"\/><\/figure>\n\n\n\n<p style=\"font-size:1.3rem;font-style:normal;font-weight:500\">L\u1ea6U 46 &#8211; T\u00d2A NH\u00c0 BITEXCO FINANCIAL TOWER S\u1ed0 2 H\u1ea2I TRI\u1ec0U, PH\u01af\u1edcNG B\u1ebeN NGH\u00c9 QU\u1eacN 1, TH\u00c0NH PH\u1ed0 H\u1ed2 CH\u00cd MINH<\/p>\n<\/div>\n\n\n\n<div class=\"wp-block-group is-nowrap is-layout-flex wp-container-core-group-is-layout-4 wp-block-group-is-layout-flex\">\n<figure class=\"wp-block-image size-large is-resized icon\"><img decoding=\"async\" src=\"https:\/\/aikya.vn\/wp-content\/themes\/aikya-theme\/assets\/images\/icon-email-black.png\" alt=\"\" style=\"width:23px\"\/><\/figure>\n\n\n\n<p style=\"font-size:1.3rem;font-style:normal;font-weight:500\">INFO@AIKYA.VN<\/p>\n<\/div>\n\n\n\n<div class=\"wp-block-group is-nowrap is-layout-flex wp-container-core-group-is-layout-5 wp-block-group-is-layout-flex\">\n<figure class=\"wp-block-image size-large is-resized icon\"><img decoding=\"async\" src=\"https:\/\/aikya.vn\/wp-content\/themes\/aikya-theme\/assets\/images\/icon-phone-black.png\" alt=\"\" style=\"width:23px\"\/><\/figure>\n\n\n\n<p style=\"font-size:1.3rem;font-style:normal;font-weight:500\">(028) 73 028 182<\/p>\n<\/div>\n<\/div>\n<\/div>\n\n\n\n<div class=\"wp-block-group section__contactinfo-bottom has-global-padding is-layout-constrained wp-block-group-is-layout-constrained\">\n<hr class=\"wp-block-separator has-text-color has-cyan-bluish-gray-color has-alpha-channel-opacity has-cyan-bluish-gray-background-color has-background is-style-default\" style=\"margin-bottom:var(--wp--preset--spacing--60)\"\/>\n\n\n\n<p class=\"has-text-align-center\">Aikya lu\u00f4n ch\u00e0o \u0111\u00f3n s\u1ef1 h\u1ee3p t\u00e1c t\u1eeb c\u00e1c nh\u00e0 \u0111\u1ea7u t\u01b0 c\u00f3 c\u00f9ng t\u1ea7m nh\u00ecn ph\u00e1t tri\u1ec3n b\u1ec1n v\u1eefng trong l\u0129nh v\u1ef1c D\u01b0\u1ee3c ph\u1ea9m. Ch\u00fang t\u00f4i tin r\u1eb1ng v\u1edbi s\u1ef1 h\u1ee3p t\u00e1c ch\u1eb7t ch\u1ebd, ch\u00fang ta c\u00f3 th\u1ec3 c\u00f9ng nhau t\u1ea1o n\u00ean nh\u1eefng gi\u00e1 tr\u1ecb \u0111\u1ed9t ph\u00e1, n\u00e2ng cao ch\u1ea5t l\u01b0\u1ee3ng ch\u0103m s\u00f3c s\u1ee9c kh\u1ecfe.<\/p>\n\n\n\n<p class=\"has-text-align-center\">Qu\u00fd Nh\u00e0 \u0111\u1ea7u t\u01b0 quan t\u00e2m xin vui l\u00f2ng li\u00ean h\u1ec7 qua th\u00f4ng tin d\u01b0\u1edbi \u0111\u00e2y \u0111\u1ec3 c\u00f9ng th\u1ea3o lu\u1eadn v\u1ec1 c\u00e1c c\u01a1 h\u1ed9i h\u1ee3p t\u00e1c ti\u1ec1m n\u0103ng.<\/p>\n\n\n\n<div class=\"wp-block-contact-form-7-contact-form-selector\">\n<div class=\"wpcf7 no-js\" id=\"wpcf7-f1104-o1\" lang=\"en-US\" dir=\"ltr\">\n<div class=\"screen-reader-response\"><p role=\"status\" aria-live=\"polite\" aria-atomic=\"true\"><\/p> <ul><\/ul><\/div>\n<form action=\"\/vi\/wp-json\/wp\/v2\/pages\/1106#wpcf7-f1104-o1\" method=\"post\" class=\"wpcf7-form init\" aria-label=\"Contact form\" novalidate=\"novalidate\" data-status=\"init\">\n<div style=\"display: none;\">\n<input type=\"hidden\" name=\"_wpcf7\" value=\"1104\" \/>\n<input type=\"hidden\" name=\"_wpcf7_version\" value=\"5.9.8\" \/>\n<input type=\"hidden\" name=\"_wpcf7_locale\" value=\"en_US\" \/>\n<input type=\"hidden\" name=\"_wpcf7_unit_tag\" value=\"wpcf7-f1104-o1\" \/>\n<input type=\"hidden\" name=\"_wpcf7_container_post\" value=\"0\" \/>\n<input type=\"hidden\" name=\"_wpcf7_posted_data_hash\" value=\"\" \/>\n<\/div>\n<div class=\"form-row\">\n\t<p><label>T\u00caN:<\/label><span class=\"wpcf7-form-control-wrap\" data-name=\"ho-va-ten\"><input size=\"40\" maxlength=\"400\" class=\"wpcf7-form-control wpcf7-text wpcf7-validates-as-required\" aria-required=\"true\" aria-invalid=\"false\" placeholder=\"H\u00e3y nh\u1eadp t\u00ean c\u1ee7a b\u1ea1n\" value=\"\" type=\"text\" name=\"ho-va-ten\" \/><\/span>\n\t<\/p>\n<\/div>\n<div class=\"form-row\">\n\t<p><label>EMAIL:<\/label><span class=\"wpcf7-form-control-wrap\" data-name=\"email\"><input size=\"40\" maxlength=\"400\" class=\"wpcf7-form-control wpcf7-email wpcf7-validates-as-required wpcf7-text wpcf7-validates-as-email\" aria-required=\"true\" aria-invalid=\"false\" placeholder=\"Nh\u1eadp \u0111\u1ecba ch\u1ec9 email c\u1ee7a b\u1ea1n\" value=\"\" type=\"email\" name=\"email\" \/><\/span>\n\t<\/p>\n<\/div>\n<div class=\"form-row\">\n\t<p><label>TH\u00d4NG TIN<br \/>\nC\u1ea6N LI\u00caN H\u1ec6:<\/label><span class=\"wpcf7-form-control-wrap\" data-name=\"thong-tin-lien-he\"><select class=\"wpcf7-form-control wpcf7-select wpcf7-validates-as-required\" aria-required=\"true\" aria-invalid=\"false\" name=\"thong-tin-lien-he\"><option value=\"Ch\u1ecdn th\u00f4ng tin b\u1ea1n c\u1ea7n\">Ch\u1ecdn th\u00f4ng tin b\u1ea1n c\u1ea7n<\/option><option value=\"S\u1ea3n ph\u1ea9m\">S\u1ea3n ph\u1ea9m<\/option><option value=\"Quan h\u1ec7 \u0111\u1ed1i t\u00e1c\">Quan h\u1ec7 \u0111\u1ed1i t\u00e1c<\/option><option value=\"H\u1ed7 tr\u1ee3 kh\u00e1c\">H\u1ed7 tr\u1ee3 kh\u00e1c<\/option><\/select><\/span>\n\t<\/p>\n<\/div>\n<div class=\"form-row\">\n\t<p><label>N\u1ed8I DUNG:<\/label><span class=\"wpcf7-form-control-wrap\" data-name=\"noi-dung\"><textarea cols=\"40\" rows=\"10\" maxlength=\"2000\" class=\"wpcf7-form-control wpcf7-textarea\" aria-invalid=\"false\" name=\"noi-dung\"><\/textarea><\/span>\n\t<\/p>\n<\/div>\n<div class=\"form-row submit-row\">\n\t<p><input class=\"wpcf7-form-control wpcf7-submit has-spinner\" type=\"submit\" value=\"G\u1eecI TH\u00d4NG TIN\" \/>\n\t<\/p>\n<\/div><div class=\"wpcf7-response-output\" aria-hidden=\"true\"><\/div>\n<\/form>\n<\/div>\n<\/div>\n<\/div>\n<\/div>\n\n\n\n<section class=\"wp-block-group section__tintucnoibat alignfull has-custom-akiya-light-background-color has-background has-global-padding is-layout-constrained wp-block-group-is-layout-constrained\" style=\"padding-top:var(--wp--preset--spacing--60);padding-bottom:var(--wp--preset--spacing--60)\">\n<div class=\"wp-block-columns is-layout-flex wp-container-core-columns-is-layout-5 wp-block-columns-is-layout-flex\">\n<div class=\"wp-block-column is-layout-flow wp-block-column-is-layout-flow\" style=\"flex-basis:30%\">\n<h2 class=\"wp-block-heading data-aos-animation has-custom-akiya-red-1-color has-text-color has-link-color wp-elements-d88485a903b32a50083436815ed5634d\" style=\"font-size:2.5rem;font-style:normal;font-weight:500\">TIN T\u1ee8C<\/h2>\n\n\n\n<h2 class=\"wp-block-heading data-aos-animation has-custom-akiya-red-1-color has-text-color has-link-color wp-elements-838cba28a8bf88c1b0001bd1e49a1328\" style=\"margin-top:0;font-size:3.5rem;font-style:normal;font-weight:700\">N\u1ed4I B\u1eacT<\/h2>\n<\/div>\n\n\n\n<div class=\"wp-block-column is-layout-flow wp-block-column-is-layout-flow\" style=\"flex-basis:70%\">\n<div class=\"wp-block-group has-global-padding is-layout-constrained wp-block-group-is-layout-constrained\">\n<div class=\"wp-block-columns is-layout-flex wp-container-core-columns-is-layout-3 wp-block-columns-is-layout-flex\">\n<div class=\"wp-block-column is-layout-flow wp-block-column-is-layout-flow\">\n<figure class=\"wp-block-image alignleft size-large image-fullwidth data-aos-animation\"><img loading=\"lazy\" decoding=\"async\" width=\"1024\" height=\"577\" src=\"http:\/\/aikya.vn\/wp-content\/uploads\/2025\/01\/event-cover-20241117-1024x577.png\" alt=\"\" class=\"wp-image-1842\" title=\"\" srcset=\"https:\/\/aikya.vn\/wp-content\/uploads\/2025\/01\/event-cover-20241117-1024x577.png 1024w, https:\/\/aikya.vn\/wp-content\/uploads\/2025\/01\/event-cover-20241117-300x169.png 300w, https:\/\/aikya.vn\/wp-content\/uploads\/2025\/01\/event-cover-20241117-768x433.png 768w, https:\/\/aikya.vn\/wp-content\/uploads\/2025\/01\/event-cover-20241117-1536x865.png 1536w, https:\/\/aikya.vn\/wp-content\/uploads\/2025\/01\/event-cover-20241117-2048x1154.png 2048w\" sizes=\"(max-width: 1024px) 100vw, 1024px\" \/><\/figure>\n<\/div>\n\n\n\n<div class=\"wp-block-column is-vertically-aligned-top is-layout-flow wp-block-column-is-layout-flow\">\n<h3 class=\"wp-block-heading data-aos-animation aos-fade-left\" style=\"font-size:1.6rem\">GI\u1ea2I CH\u1ea0Y L\u1ea6N \u0110\u1ea6U TI\u00caN XU\u1ea4T HI\u1ec6N T\u1ea0I TR\u00c0 VINH \u2013 AIKYA CROSS COUNTRY MARATHON 2025<\/h3>\n\n\n\n<div class=\"wp-block-buttons is-layout-flex wp-container-core-buttons-is-layout-1 wp-block-buttons-is-layout-flex\" style=\"margin-top:var(--wp--preset--spacing--60);margin-bottom:0\">\n<div class=\"wp-block-button data-aos-animation btn__arrow-right btn-readmore\"><a class=\"wp-block-button__link has-custom-akiya-red-color has-text-color has-link-color wp-element-button\" href=\"https:\/\/aikya.vn\/vi\/giai-chay-lan-dau-tien-xuat-hien-tai-tra-vinh-aikya-cross-country-marathon-2025\/\">T\u00ccM HI\u1ec2U TH\u00caM<\/a><\/div>\n<\/div>\n<\/div>\n<\/div>\n<\/div>\n\n\n\n<div class=\"wp-block-group has-global-padding is-layout-constrained wp-block-group-is-layout-constrained\">\n<div class=\"wp-block-columns is-layout-flex wp-container-core-columns-is-layout-4 wp-block-columns-is-layout-flex\">\n<div class=\"wp-block-column is-layout-flow wp-block-column-is-layout-flow\">\n<figure class=\"wp-block-image alignleft size-large image-fullwidth data-aos-animation\"><img loading=\"lazy\" decoding=\"async\" width=\"1024\" height=\"576\" src=\"http:\/\/aikya.vn\/wp-content\/uploads\/2024\/11\/Thumbnail-1024x576.jpg\" alt=\"\" class=\"wp-image-1524\" srcset=\"https:\/\/aikya.vn\/wp-content\/uploads\/2024\/11\/Thumbnail-1024x576.jpg 1024w, https:\/\/aikya.vn\/wp-content\/uploads\/2024\/11\/Thumbnail-300x169.jpg 300w, https:\/\/aikya.vn\/wp-content\/uploads\/2024\/11\/Thumbnail-768x432.jpg 768w, https:\/\/aikya.vn\/wp-content\/uploads\/2024\/11\/Thumbnail-1536x864.jpg 1536w, https:\/\/aikya.vn\/wp-content\/uploads\/2024\/11\/Thumbnail-2048x1152.jpg 2048w\" sizes=\"(max-width: 1024px) 100vw, 1024px\" \/><\/figure>\n<\/div>\n\n\n\n<div class=\"wp-block-column is-vertically-aligned-top is-layout-flow wp-block-column-is-layout-flow\">\n<h3 class=\"wp-block-heading data-aos-animation aos-fade-left\" style=\"font-size:1.6rem\">TRAVICOL TI\u1ebeP T\u1ee4C \u0110\u01af\u1ee2C VINH DANH TH\u01af\u01a0NG HI\u1ec6U QU\u1ed0C GIA VI\u1ec6T NAM L\u1ea6N TH\u1ee8 HAI LI\u00caN TI\u1ebeP<\/h3>\n\n\n\n<div class=\"wp-block-buttons is-layout-flex wp-container-core-buttons-is-layout-2 wp-block-buttons-is-layout-flex\" style=\"margin-top:var(--wp--preset--spacing--60);margin-bottom:0\">\n<div class=\"wp-block-button data-aos-animation btn__arrow-right btn-readmore\"><a class=\"wp-block-button__link has-custom-akiya-red-color has-text-color has-link-color wp-element-button\" href=\"https:\/\/aikya.vn\/vi\/travicol-tiep-tuc-duoc-vinh-danh-thuong-hieu-quoc-gia-viet-nam-lan-thu-hai-lien-tiep\/\">T\u00ccM HI\u1ec2U TH\u00caM<\/a><\/div>\n<\/div>\n<\/div>\n<\/div>\n<\/div>\n<\/div>\n<\/div>\n<\/section>\n","protected":false},"excerpt":{"rendered":"<p>TH\u00d4NG TIN LI\u00caN H\u1ec6 LI\u00caN H\u1ec6V\u1edaI CH\u00daNG T\u00d4I L\u1ea6U 46 &#8211; T\u00d2A NH\u00c0 BITEXCO FINANCIAL TOWER S\u1ed0 2 H\u1ea2I TRI\u1ec0U, PH\u01af\u1edcNG B\u1ebeN NGH\u00c9 QU\u1eacN 1, TH\u00c0NH PH\u1ed0 H\u1ed2 CH\u00cd MINH INFO@AIKYA.VN (028) 73 028 182 Aikya lu\u00f4n ch\u00e0o \u0111\u00f3n s\u1ef1 h\u1ee3p t\u00e1c t\u1eeb c\u00e1c nh\u00e0 \u0111\u1ea7u t\u01b0 c\u00f3 c\u00f9ng t\u1ea7m nh\u00ecn ph\u00e1t tri\u1ec3n b\u1ec1n v\u1eefng [&hellip;]<\/p>\n","protected":false},"author":2,"featured_media":0,"parent":0,"menu_order":0,"comment_status":"closed","ping_status":"closed","template":"","meta":{"inline_featured_image":false,"footnotes":""},"class_list":["post-1106","page","type-page","status-publish","hentry"],"yoast_head":"<!-- This site is optimized with the Yoast SEO plugin v23.7 - https:\/\/yoast.com\/wordpress\/plugins\/seo\/ -->\n<title>Li\u00ean H\u1ec7 - Energy of Harmony<\/title>\n<meta name=\"description\" content=\"Aikya lu\u00f4n ch\u00e0o \u0111\u00f3n s\u1ef1 h\u1ee3p t\u00e1c t\u1eeb c\u00e1c nh\u00e0 \u0111\u1ea7u t\u01b0 c\u00f3 c\u00f9ng t\u1ea7m nh\u00ecn ph\u00e1t tri\u1ec3n b\u1ec1n v\u1eefng trong l\u0129nh v\u1ef1c D\u01b0\u1ee3c ph\u1ea9m.\" \/>\n<meta name=\"robots\" content=\"index, follow, max-snippet:-1, max-image-preview:large, max-video-preview:-1\" \/>\n<link rel=\"canonical\" href=\"https:\/\/aikya.vn\/vi\/lien-he\/\" \/>\n<meta property=\"og:locale\" content=\"vi_VN\" \/>\n<meta property=\"og:type\" content=\"article\" \/>\n<meta property=\"og:title\" content=\"Li\u00ean H\u1ec7 - Energy of Harmony\" \/>\n<meta property=\"og:description\" content=\"Aikya lu\u00f4n ch\u00e0o \u0111\u00f3n s\u1ef1 h\u1ee3p t\u00e1c t\u1eeb c\u00e1c nh\u00e0 \u0111\u1ea7u t\u01b0 c\u00f3 c\u00f9ng t\u1ea7m nh\u00ecn ph\u00e1t tri\u1ec3n b\u1ec1n v\u1eefng trong l\u0129nh v\u1ef1c D\u01b0\u1ee3c ph\u1ea9m.\" \/>\n<meta property=\"og:url\" content=\"https:\/\/aikya.vn\/vi\/lien-he\/\" \/>\n<meta property=\"og:site_name\" content=\"Energy of Harmony\" \/>\n<meta property=\"article:modified_time\" content=\"2024-12-02T08:19:20+00:00\" \/>\n<meta property=\"og:image\" content=\"https:\/\/aikya.vn\/wp-content\/themes\/aikya-theme\/assets\/images\/icon-address-black.png\" \/>\n<meta name=\"twitter:card\" content=\"summary_large_image\" \/>\n<meta name=\"twitter:label1\" content=\"Est. reading time\" \/>\n\t<meta name=\"twitter:data1\" content=\"3 minutes\" \/>\n<script type=\"application\/ld+json\" class=\"yoast-schema-graph\">{\"@context\":\"https:\/\/schema.org\",\"@graph\":[{\"@type\":\"WebPage\",\"@id\":\"https:\/\/aikya.vn\/vi\/lien-he\/\",\"url\":\"https:\/\/aikya.vn\/vi\/lien-he\/\",\"name\":\"Li\u00ean H\u1ec7 - Energy of Harmony\",\"isPartOf\":{\"@id\":\"https:\/\/aikya.vn\/vi\/#website\"},\"primaryImageOfPage\":{\"@id\":\"https:\/\/aikya.vn\/vi\/lien-he\/#primaryimage\"},\"image\":{\"@id\":\"https:\/\/aikya.vn\/vi\/lien-he\/#primaryimage\"},\"thumbnailUrl\":\"https:\/\/aikya.vn\/wp-content\/themes\/aikya-theme\/assets\/images\/icon-address-black.png\",\"datePublished\":\"2024-10-31T04:13:01+00:00\",\"dateModified\":\"2024-12-02T08:19:20+00:00\",\"description\":\"Aikya lu\u00f4n ch\u00e0o \u0111\u00f3n s\u1ef1 h\u1ee3p t\u00e1c t\u1eeb c\u00e1c nh\u00e0 \u0111\u1ea7u t\u01b0 c\u00f3 c\u00f9ng t\u1ea7m nh\u00ecn ph\u00e1t tri\u1ec3n b\u1ec1n v\u1eefng trong l\u0129nh v\u1ef1c D\u01b0\u1ee3c ph\u1ea9m.\",\"breadcrumb\":{\"@id\":\"https:\/\/aikya.vn\/vi\/lien-he\/#breadcrumb\"},\"inLanguage\":\"vi-VN\",\"potentialAction\":[{\"@type\":\"ReadAction\",\"target\":[\"https:\/\/aikya.vn\/vi\/lien-he\/\"]}]},{\"@type\":\"ImageObject\",\"inLanguage\":\"vi-VN\",\"@id\":\"https:\/\/aikya.vn\/vi\/lien-he\/#primaryimage\",\"url\":\"https:\/\/aikya.vn\/wp-content\/themes\/aikya-theme\/assets\/images\/icon-address-black.png\",\"contentUrl\":\"https:\/\/aikya.vn\/wp-content\/themes\/aikya-theme\/assets\/images\/icon-address-black.png\"},{\"@type\":\"BreadcrumbList\",\"@id\":\"https:\/\/aikya.vn\/vi\/lien-he\/#breadcrumb\",\"itemListElement\":[{\"@type\":\"ListItem\",\"position\":1,\"name\":\"Home\",\"item\":\"http:\/\/www.aikya.vn\/vi\/\"},{\"@type\":\"ListItem\",\"position\":2,\"name\":\"Li\u00ean H\u1ec7\"}]},{\"@type\":\"WebSite\",\"@id\":\"https:\/\/aikya.vn\/vi\/#website\",\"url\":\"https:\/\/aikya.vn\/vi\/\",\"name\":\"Aikya - Energy of Harmony\",\"description\":\"\",\"publisher\":{\"@id\":\"https:\/\/aikya.vn\/vi\/#organization\"},\"potentialAction\":[{\"@type\":\"SearchAction\",\"target\":{\"@type\":\"EntryPoint\",\"urlTemplate\":\"https:\/\/aikya.vn\/vi\/?s={search_term_string}\"},\"query-input\":{\"@type\":\"PropertyValueSpecification\",\"valueRequired\":true,\"valueName\":\"search_term_string\"}}],\"inLanguage\":\"vi-VN\"},{\"@type\":\"Organization\",\"@id\":\"https:\/\/aikya.vn\/vi\/#organization\",\"name\":\"Aikya - Energy of Harmony\",\"url\":\"https:\/\/aikya.vn\/vi\/\",\"logo\":{\"@type\":\"ImageObject\",\"inLanguage\":\"vi-VN\",\"@id\":\"https:\/\/aikya.vn\/vi\/#\/schema\/logo\/image\/\",\"url\":\"https:\/\/aikya.vn\/wp-content\/uploads\/2024\/10\/aikya-thumbnail.png\",\"contentUrl\":\"https:\/\/aikya.vn\/wp-content\/uploads\/2024\/10\/aikya-thumbnail.png\",\"width\":1200,\"height\":628,\"caption\":\"Aikya - Energy of Harmony\"},\"image\":{\"@id\":\"https:\/\/aikya.vn\/vi\/#\/schema\/logo\/image\/\"}}]}<\/script>\n<!-- \/ Yoast SEO plugin. -->","yoast_head_json":{"title":"Li\u00ean H\u1ec7 - Energy of Harmony","description":"Aikya lu\u00f4n ch\u00e0o \u0111\u00f3n s\u1ef1 h\u1ee3p t\u00e1c t\u1eeb c\u00e1c nh\u00e0 \u0111\u1ea7u t\u01b0 c\u00f3 c\u00f9ng t\u1ea7m nh\u00ecn ph\u00e1t tri\u1ec3n b\u1ec1n v\u1eefng trong l\u0129nh v\u1ef1c D\u01b0\u1ee3c ph\u1ea9m.","robots":{"index":"index","follow":"follow","max-snippet":"max-snippet:-1","max-image-preview":"max-image-preview:large","max-video-preview":"max-video-preview:-1"},"canonical":"https:\/\/aikya.vn\/vi\/lien-he\/","og_locale":"vi_VN","og_type":"article","og_title":"Li\u00ean H\u1ec7 - Energy of Harmony","og_description":"Aikya lu\u00f4n ch\u00e0o \u0111\u00f3n s\u1ef1 h\u1ee3p t\u00e1c t\u1eeb c\u00e1c nh\u00e0 \u0111\u1ea7u t\u01b0 c\u00f3 c\u00f9ng t\u1ea7m nh\u00ecn ph\u00e1t tri\u1ec3n b\u1ec1n v\u1eefng trong l\u0129nh v\u1ef1c D\u01b0\u1ee3c ph\u1ea9m.","og_url":"https:\/\/aikya.vn\/vi\/lien-he\/","og_site_name":"Energy of Harmony","article_modified_time":"2024-12-02T08:19:20+00:00","og_image":[{"url":"https:\/\/aikya.vn\/wp-content\/themes\/aikya-theme\/assets\/images\/icon-address-black.png"}],"twitter_card":"summary_large_image","twitter_misc":{"Est. reading time":"3 minutes"},"schema":{"@context":"https:\/\/schema.org","@graph":[{"@type":"WebPage","@id":"https:\/\/aikya.vn\/vi\/lien-he\/","url":"https:\/\/aikya.vn\/vi\/lien-he\/","name":"Li\u00ean H\u1ec7 - Energy of Harmony","isPartOf":{"@id":"https:\/\/aikya.vn\/vi\/#website"},"primaryImageOfPage":{"@id":"https:\/\/aikya.vn\/vi\/lien-he\/#primaryimage"},"image":{"@id":"https:\/\/aikya.vn\/vi\/lien-he\/#primaryimage"},"thumbnailUrl":"https:\/\/aikya.vn\/wp-content\/themes\/aikya-theme\/assets\/images\/icon-address-black.png","datePublished":"2024-10-31T04:13:01+00:00","dateModified":"2024-12-02T08:19:20+00:00","description":"Aikya lu\u00f4n ch\u00e0o \u0111\u00f3n s\u1ef1 h\u1ee3p t\u00e1c t\u1eeb c\u00e1c nh\u00e0 \u0111\u1ea7u t\u01b0 c\u00f3 c\u00f9ng t\u1ea7m nh\u00ecn ph\u00e1t tri\u1ec3n b\u1ec1n v\u1eefng trong l\u0129nh v\u1ef1c D\u01b0\u1ee3c ph\u1ea9m.","breadcrumb":{"@id":"https:\/\/aikya.vn\/vi\/lien-he\/#breadcrumb"},"inLanguage":"vi-VN","potentialAction":[{"@type":"ReadAction","target":["https:\/\/aikya.vn\/vi\/lien-he\/"]}]},{"@type":"ImageObject","inLanguage":"vi-VN","@id":"https:\/\/aikya.vn\/vi\/lien-he\/#primaryimage","url":"https:\/\/aikya.vn\/wp-content\/themes\/aikya-theme\/assets\/images\/icon-address-black.png","contentUrl":"https:\/\/aikya.vn\/wp-content\/themes\/aikya-theme\/assets\/images\/icon-address-black.png"},{"@type":"BreadcrumbList","@id":"https:\/\/aikya.vn\/vi\/lien-he\/#breadcrumb","itemListElement":[{"@type":"ListItem","position":1,"name":"Home","item":"http:\/\/www.aikya.vn\/vi\/"},{"@type":"ListItem","position":2,"name":"Li\u00ean H\u1ec7"}]},{"@type":"WebSite","@id":"https:\/\/aikya.vn\/vi\/#website","url":"https:\/\/aikya.vn\/vi\/","name":"Aikya - Energy of Harmony","description":"","publisher":{"@id":"https:\/\/aikya.vn\/vi\/#organization"},"potentialAction":[{"@type":"SearchAction","target":{"@type":"EntryPoint","urlTemplate":"https:\/\/aikya.vn\/vi\/?s={search_term_string}"},"query-input":{"@type":"PropertyValueSpecification","valueRequired":true,"valueName":"search_term_string"}}],"inLanguage":"vi-VN"},{"@type":"Organization","@id":"https:\/\/aikya.vn\/vi\/#organization","name":"Aikya - Energy of Harmony","url":"https:\/\/aikya.vn\/vi\/","logo":{"@type":"ImageObject","inLanguage":"vi-VN","@id":"https:\/\/aikya.vn\/vi\/#\/schema\/logo\/image\/","url":"https:\/\/aikya.vn\/wp-content\/uploads\/2024\/10\/aikya-thumbnail.png","contentUrl":"https:\/\/aikya.vn\/wp-content\/uploads\/2024\/10\/aikya-thumbnail.png","width":1200,"height":628,"caption":"Aikya - Energy of Harmony"},"image":{"@id":"https:\/\/aikya.vn\/vi\/#\/schema\/logo\/image\/"}}]}},"_links":{"self":[{"href":"https:\/\/aikya.vn\/vi\/wp-json\/wp\/v2\/pages\/1106"}],"collection":[{"href":"https:\/\/aikya.vn\/vi\/wp-json\/wp\/v2\/pages"}],"about":[{"href":"https:\/\/aikya.vn\/vi\/wp-json\/wp\/v2\/types\/page"}],"author":[{"embeddable":true,"href":"https:\/\/aikya.vn\/vi\/wp-json\/wp\/v2\/users\/2"}],"replies":[{"embeddable":true,"href":"https:\/\/aikya.vn\/vi\/wp-json\/wp\/v2\/comments?post=1106"}],"version-history":[{"count":3,"href":"https:\/\/aikya.vn\/vi\/wp-json\/wp\/v2\/pages\/1106\/revisions"}],"predecessor-version":[{"id":1126,"href":"https:\/\/aikya.vn\/vi\/wp-json\/wp\/v2\/pages\/1106\/revisions\/1126"}],"wp:attachment":[{"href":"https:\/\/aikya.vn\/vi\/wp-json\/wp\/v2\/media?parent=1106"}],"curies":[{"name":"wp","href":"https:\/\/api.w.org\/{rel}","templated":true}]}}